{"id":1057,"date":"2024-01-23T12:50:03","date_gmt":"2024-01-23T11:50:03","guid":{"rendered":"https:\/\/pl.marani.pl\/?page_id=1057"},"modified":"2025-03-23T17:18:07","modified_gmt":"2025-03-23T16:18:07","slug":"armatki-powietrzne","status":"publish","type":"page","link":"http:\/\/www.marani.pl\/en\/produkty\/armatki-powietrzne\/","title":{"rendered":"Air cannons"},"content":{"rendered":"<div data-elementor-type=\"wp-page\" data-elementor-id=\"1057\" class=\"elementor elementor-1057\" data-elementor-post-type=\"page\">\n\t\t\t\t<div class=\"elementor-element elementor-element-56096bc e-flex e-con-boxed e-con e-parent\" data-id=\"56096bc\" data-element_type=\"container\" data-settings=\"{&quot;background_background&quot;:&quot;classic&quot;}\">\n\t\t\t\t\t<div class=\"e-con-inner\">\n\t\t\t\t\t<\/div>\n\t\t\t\t<\/div>\n\t\t<div class=\"elementor-element elementor-element-c254913 e-flex e-con-boxed e-con e-parent\" data-id=\"c254913\" data-element_type=\"container\">\n\t\t\t\t\t<div class=\"e-con-inner\">\n\t\t\t\t<div class=\"elementor-element elementor-element-0711dd7 elementor-widget elementor-widget-shortcode\" data-id=\"0711dd7\" data-element_type=\"widget\" data-widget_type=\"shortcode.default\">\n\t\t\t\t<div class=\"elementor-widget-container\">\n\t\t\t\t\t\t\t<div class=\"elementor-shortcode\">\t\n<div id=\"breadcrumbs\">\n\t<p id=\"breadcrumbs\"><span><span><a href=\"http:\/\/www.marani.pl\/en\/\">Home<\/a><\/span><\/span><\/p>\t<h2>Air cannons<\/h2>\t\n<\/div>\n<\/div>\n\t\t\t\t\t\t<\/div>\n\t\t\t\t<\/div>\n\t\t\t\t\t<\/div>\n\t\t\t\t<\/div>\n\t\t<div class=\"elementor-element elementor-element-7b64863 e-flex e-con-boxed e-con e-parent\" data-id=\"7b64863\" data-element_type=\"container\">\n\t\t\t\t\t<div class=\"e-con-inner\">\n\t\t<div class=\"elementor-element elementor-element-e35c64a e-con-full e-flex e-con e-child\" data-id=\"e35c64a\" data-element_type=\"container\">\n\t\t\t\t<div class=\"elementor-element elementor-element-1024de5 elementor-widget elementor-widget-text-editor\" data-id=\"1024de5\" data-element_type=\"widget\" data-widget_type=\"text-editor.default\">\n\t\t\t\t<div class=\"elementor-widget-container\">\n\t\t\t\t\t\t\t\t\t<p><strong>Air\/nitrogen cannon<\/strong>An air\/nitrogen cannon, also known as a pneumatic pulsator or shockwave generator, is a device used in industry to remove overhangs and accumulation in bins, bins or silos of stored bulk material, as well as to unblock chutes and pipelines for the transport of these materials (pneumatic conveying aid). Air\/nitrogen cannons are also used for blowing off, cleaning dust, sludge and fumes from boiler equipment and other applications.<\/p><p><strong>The air\/nitrogen cannon is an innovative development of our Centre<\/strong>It is continuously improved based on the results of operational experience gained in a wide range of industrial applications. Together with the control valve, also of the Centre's design, they form an optimally matched set ensuring high technical and operational parameters of the air cannon. The high dynamics of the cannon's operation allows, with a relatively small volume, to <a href=\"http:\/\/www.marani.pl\/en\/zbiorniki-cisnieniowe\/\">tank<\/a> for the effective and efficient impact of a rapidly released compressed air jet (shock wave) on the bulk material.<\/p>\t\t\t\t\t\t\t\t<\/div>\n\t\t\t\t<\/div>\n\t\t\t\t<\/div>\n\t\t<div class=\"elementor-element elementor-element-d1d7629 e-con-full e-flex e-con e-child\" data-id=\"d1d7629\" data-element_type=\"container\">\n\t\t\t\t<div class=\"elementor-element elementor-element-7fee8fc elementor-widget elementor-widget-image\" data-id=\"7fee8fc\" data-element_type=\"widget\" data-widget_type=\"image.default\">\n\t\t\t\t<div class=\"elementor-widget-container\">\n\t\t\t\t\t\t\t\t\t\t\t\t\t\t\t<img fetchpriority=\"high\" decoding=\"async\" width=\"1024\" height=\"768\" src=\"https:\/\/www.marani.pl\/wp-content\/uploads\/2024\/01\/marani-armatki-powietrzne-1-1024x768.jpeg\" class=\"attachment-large size-large wp-image-1680\" alt=\"\" srcset=\"https:\/\/www.marani.pl\/wp-content\/uploads\/2024\/01\/marani-armatki-powietrzne-1-1024x768.jpeg 1024w, https:\/\/www.marani.pl\/wp-content\/uploads\/2024\/01\/marani-armatki-powietrzne-1-300x225.jpeg 300w, https:\/\/www.marani.pl\/wp-content\/uploads\/2024\/01\/marani-armatki-powietrzne-1-768x576.jpeg 768w, https:\/\/www.marani.pl\/wp-content\/uploads\/2024\/01\/marani-armatki-powietrzne-1-1536x1152.jpeg 1536w, https:\/\/www.marani.pl\/wp-content\/uploads\/2024\/01\/marani-armatki-powietrzne-1.jpeg 1600w\" sizes=\"(max-width: 1024px) 100vw, 1024px\" \/>\t\t\t\t\t\t\t\t\t\t\t\t\t\t\t<\/div>\n\t\t\t\t<\/div>\n\t\t\t\t<\/div>\n\t\t\t\t\t<\/div>\n\t\t\t\t<\/div>\n\t\t<div class=\"elementor-element elementor-element-b3bc0d3 e-flex e-con-boxed e-con e-parent\" data-id=\"b3bc0d3\" data-element_type=\"container\">\n\t\t\t\t\t<div class=\"e-con-inner\">\n\t\t<div class=\"elementor-element elementor-element-3bfe6d1 e-con-full e-flex e-con e-child\" data-id=\"3bfe6d1\" data-element_type=\"container\">\n\t\t\t\t<div class=\"elementor-element elementor-element-6a0cb5f elementor-widget elementor-widget-text-editor\" data-id=\"6a0cb5f\" data-element_type=\"widget\" data-widget_type=\"text-editor.default\">\n\t\t\t\t<div class=\"elementor-widget-container\">\n\t\t\t\t\t\t\t\t\t<p>The simple design of the air\/nitrogen cannon with minimised moving parts, high dynamics and operational reliability, makes it\u00a0<strong>a highly efficient solution for industrial applications<\/strong>.<\/p><p>On the basis of the air\/nitrogen cannon, air\/nitrogen cannon installations are designed and built, characterised by\u00a0<strong>high efficiency<\/strong>\u00a0i\u00a0<strong>operational reliability<\/strong>. They are used for overhang and overgrowth removal, aeration, drainage and cleaning in a wide range of industries, such as: power generation - power plants and CHP plants (coal bunkers (biomass), coal transfers, steam exchangers and pyrometers), cement plants (heat exchangers), mines - on coal chutes from storage tanks, lime silos, etc.<\/p><p>The main equipment and components of the system, such as the air\/nitrogen cannon, control valve, directional nozzle, pneumatic supply and control components, are manufactured by the Research and Development Centre for Pneumatic Components and Systems Ltd.<\/p><p>Air\/nitrogen cannon installations are most often carried out\u00a0<strong>in two versions of electric control<\/strong>:<\/p><p>- manual, activated by pushbuttons from the control panel;<br \/>- automatic, using a programmable controller.<\/p>\t\t\t\t\t\t\t\t<\/div>\n\t\t\t\t<\/div>\n\t\t\t\t<\/div>\n\t\t\t\t\t<\/div>\n\t\t\t\t<\/div>\n\t\t<div class=\"elementor-element elementor-element-1f7a305 e-flex e-con-boxed e-con e-parent\" data-id=\"1f7a305\" data-element_type=\"container\">\n\t\t\t\t\t<div class=\"e-con-inner\">\n\t\t<div class=\"elementor-element elementor-element-20d99a8 e-con-full e-flex e-con e-child\" data-id=\"20d99a8\" data-element_type=\"container\">\n\t\t\t\t<div class=\"elementor-element elementor-element-68ad152 elementor-widget elementor-widget-image\" data-id=\"68ad152\" data-element_type=\"widget\" data-widget_type=\"image.default\">\n\t\t\t\t<div class=\"elementor-widget-container\">\n\t\t\t\t\t\t\t\t\t\t\t\t\t\t\t<img decoding=\"async\" width=\"768\" height=\"1024\" src=\"https:\/\/www.marani.pl\/wp-content\/uploads\/2024\/01\/marani-armatki-powietrzne-2-768x1024.jpeg\" class=\"attachment-large size-large wp-image-1681\" alt=\"\" srcset=\"https:\/\/www.marani.pl\/wp-content\/uploads\/2024\/01\/marani-armatki-powietrzne-2-768x1024.jpeg 768w, https:\/\/www.marani.pl\/wp-content\/uploads\/2024\/01\/marani-armatki-powietrzne-2-225x300.jpeg 225w, https:\/\/www.marani.pl\/wp-content\/uploads\/2024\/01\/marani-armatki-powietrzne-2-1152x1536.jpeg 1152w, https:\/\/www.marani.pl\/wp-content\/uploads\/2024\/01\/marani-armatki-powietrzne-2.jpeg 1200w\" sizes=\"(max-width: 768px) 100vw, 768px\" \/>\t\t\t\t\t\t\t\t\t\t\t\t\t\t\t<\/div>\n\t\t\t\t<\/div>\n\t\t\t\t<\/div>\n\t\t<div class=\"elementor-element elementor-element-930bff5 e-con-full e-flex e-con e-child\" data-id=\"930bff5\" data-element_type=\"container\">\n\t\t\t\t<div class=\"elementor-element elementor-element-340e154 elementor-widget elementor-widget-text-editor\" data-id=\"340e154\" data-element_type=\"widget\" data-widget_type=\"text-editor.default\">\n\t\t\t\t<div class=\"elementor-widget-container\">\n\t\t\t\t\t\t\t\t\t<p>The cannons are manufactured in the following sizes (tank volume): V10, 20, 30, 40, 50, 60, 80 and 100 dm3. Flanged connection for connection to DN100, PN10 nozzle.<\/p><p><strong>Best effect<\/strong>\u00a0dynamic operation of the air cannon\/<a href=\"http:\/\/www.marani.pl\/en\/produkty\/generatory-azotu\/\">nitrogen<\/a> is obtained\u00a0<strong>in conjunction with special control valve for 3\/2 NO function<\/strong>\u00a0with a non-return valve integrated inside, which cuts off the flow of air from the tank when it is full.<\/p><p>We offer diverter valves for control in two material versions: aluminium alloy and brass, respectively :<\/p><p>- 3\/2 NO G3\/8xG1\/2 for cannons size V10 to 30 dm3;<br \/>- 3\/2 NO G1\/2xG3\/4 for cannons size V40 to 100 dm3.<\/p><p>For other information on this product\u00a0<strong>welcome to contact<\/strong>\u00a0with the advisors of the technical and commercial department.<\/p>\t\t\t\t\t\t\t\t<\/div>\n\t\t\t\t<\/div>\n\t\t\t\t<\/div>\n\t\t\t\t\t<\/div>\n\t\t\t\t<\/div>\n\t\t\t\t<\/div>","protected":false},"excerpt":{"rendered":"<p>An air\/nitrogen cannon, also known as a pneumatic pulsator or shock wave generator, is a device used in industry to remove overhanging [...]<\/p>","protected":false},"author":1,"featured_media":0,"parent":140,"menu_order":0,"comment_status":"closed","ping_status":"closed","template":"","meta":{"site-sidebar-layout":"no-sidebar","site-content-layout":"","ast-site-content-layout":"full-width-container","site-content-style":"default","site-sidebar-style":"default","ast-global-header-display":"","ast-banner-title-visibility":"","ast-main-header-display":"","ast-hfb-above-header-display":"","ast-hfb-below-header-display":"","ast-hfb-mobile-header-display":"","site-post-title":"disabled","ast-breadcrumbs-content":"","ast-featured-img":"disabled","footer-sml-layout":"","theme-transparent-header-meta":"","adv-header-id-meta":"","stick-header-meta":"","header-above-stick-meta":"","header-main-stick-meta":"","header-below-stick-meta":"","astra-migrate-meta-layouts":"default","ast-page-background-enabled":"default","ast-page-background-meta":{"desktop":{"background-color":"var(--ast-global-color-4)","background-image":"","background-repeat":"repeat","background-position":"center center","background-size":"auto","background-attachment":"scroll","background-type":"","background-media":"","overlay-type":"","overlay-color":"","overlay-gradient":""},"tablet":{"background-color":"","background-image":"","background-repeat":"repeat","background-position":"center center","background-size":"auto","background-attachment":"scroll","background-type":"","background-media":"","overlay-type":"","overlay-color":"","overlay-gradient":""},"mobile":{"background-color":"","background-image":"","background-repeat":"repeat","background-position":"center center","background-size":"auto","background-attachment":"scroll","background-type":"","background-media":"","overlay-type":"","overlay-color":"","overlay-gradient":""}},"ast-content-background-meta":{"desktop":{"background-color":"var(--ast-global-color-5)","background-image":"","background-repeat":"repeat","background-position":"center center","background-size":"auto","background-attachment":"scroll","background-type":"","background-media":"","overlay-type":"","overlay-color":"","overlay-gradient":""},"tablet":{"background-color":"var(--ast-global-color-5)","background-image":"","background-repeat":"repeat","background-position":"center center","background-size":"auto","background-attachment":"scroll","background-type":"","background-media":"","overlay-type":"","overlay-color":"","overlay-gradient":""},"mobile":{"background-color":"var(--ast-global-color-5)","background-image":"","background-repeat":"repeat","background-position":"center center","background-size":"auto","background-attachment":"scroll","background-type":"","background-media":"","overlay-type":"","overlay-color":"","overlay-gradient":""}},"footnotes":""},"class_list":["post-1057","page","type-page","status-publish","hentry"],"yoast_head":"<!-- This site is optimized with the Yoast SEO plugin v26.7 - https:\/\/yoast.com\/wordpress\/plugins\/seo\/ -->\n<title>Armatki powietrzne -<\/title>\n<meta name=\"robots\" content=\"index, follow, max-snippet:-1, max-image-preview:large, max-video-preview:-1\" \/>\n<link rel=\"canonical\" href=\"http:\/\/www.marani.pl\/en\/produkty\/armatki-powietrzne\/\" \/>\n<meta property=\"og:locale\" content=\"en_GB\" \/>\n<meta property=\"og:type\" content=\"article\" \/>\n<meta property=\"og:title\" content=\"Armatki powietrzne -\" \/>\n<meta property=\"og:description\" content=\"Armatka powietrzna\/azotowa, wyst\u0119puj\u0105ca r\u00f3wnie\u017c pod nazw\u0105 pulsator pneumatyczny czy generator fal uderzeniowych, jest urz\u0105dzeniem stosowanym w przemy\u015ble do usuwania nawis\u00f3w [&hellip;]\" \/>\n<meta property=\"og:url\" content=\"http:\/\/www.marani.pl\/en\/produkty\/armatki-powietrzne\/\" \/>\n<meta property=\"article:publisher\" content=\"https:\/\/www.facebook.com\/MaraniCompressedAir\" \/>\n<meta property=\"article:modified_time\" content=\"2025-03-23T16:18:07+00:00\" \/>\n<meta property=\"og:image\" content=\"https:\/\/www.marani.pl\/wp-content\/uploads\/2024\/01\/marani-armatki-powietrzne-1-1024x768.jpeg\" \/>\n<script type=\"application\/ld+json\" class=\"yoast-schema-graph\">{\"@context\":\"https:\/\/schema.org\",\"@graph\":[{\"@type\":\"WebPage\",\"@id\":\"https:\/\/www.marani.pl\/produkty\/armatki-powietrzne\/\",\"url\":\"https:\/\/www.marani.pl\/produkty\/armatki-powietrzne\/\",\"name\":\"Armatki powietrzne -\",\"isPartOf\":{\"@id\":\"https:\/\/www.marani.pl\/#website\"},\"primaryImageOfPage\":{\"@id\":\"https:\/\/www.marani.pl\/produkty\/armatki-powietrzne\/#primaryimage\"},\"image\":{\"@id\":\"https:\/\/www.marani.pl\/produkty\/armatki-powietrzne\/#primaryimage\"},\"thumbnailUrl\":\"https:\/\/www.marani.pl\/wp-content\/uploads\/2024\/01\/marani-armatki-powietrzne-1-1024x768.jpeg\",\"datePublished\":\"2024-01-23T11:50:03+00:00\",\"dateModified\":\"2025-03-23T16:18:07+00:00\",\"breadcrumb\":{\"@id\":\"https:\/\/www.marani.pl\/produkty\/armatki-powietrzne\/#breadcrumb\"},\"inLanguage\":\"en-GB\",\"potentialAction\":[{\"@type\":\"ReadAction\",\"target\":[\"https:\/\/www.marani.pl\/produkty\/armatki-powietrzne\/\"]}]},{\"@type\":\"ImageObject\",\"inLanguage\":\"en-GB\",\"@id\":\"https:\/\/www.marani.pl\/produkty\/armatki-powietrzne\/#primaryimage\",\"url\":\"https:\/\/www.marani.pl\/wp-content\/uploads\/2024\/01\/marani-armatki-powietrzne-1-1024x768.jpeg\",\"contentUrl\":\"https:\/\/www.marani.pl\/wp-content\/uploads\/2024\/01\/marani-armatki-powietrzne-1-1024x768.jpeg\"},{\"@type\":\"BreadcrumbList\",\"@id\":\"https:\/\/www.marani.pl\/produkty\/armatki-powietrzne\/#breadcrumb\",\"itemListElement\":[{\"@type\":\"ListItem\",\"position\":1,\"name\":\"Strona g\u0142\u00f3wna\",\"item\":\"https:\/\/www.marani.pl\/\"},{\"@type\":\"ListItem\",\"position\":2,\"name\":\"Produkty\",\"item\":\"https:\/\/www.marani.pl\/produkty\/\"},{\"@type\":\"ListItem\",\"position\":3,\"name\":\"Armatki powietrzne\"}]},{\"@type\":\"WebSite\",\"@id\":\"https:\/\/www.marani.pl\/#website\",\"url\":\"https:\/\/www.marani.pl\/\",\"name\":\"\",\"description\":\"\",\"publisher\":{\"@id\":\"https:\/\/www.marani.pl\/#organization\"},\"potentialAction\":[{\"@type\":\"SearchAction\",\"target\":{\"@type\":\"EntryPoint\",\"urlTemplate\":\"https:\/\/www.marani.pl\/?s={search_term_string}\"},\"query-input\":{\"@type\":\"PropertyValueSpecification\",\"valueRequired\":true,\"valueName\":\"search_term_string\"}}],\"inLanguage\":\"en-GB\"},{\"@type\":\"Organization\",\"@id\":\"https:\/\/www.marani.pl\/#organization\",\"name\":\"Marani Sp. z o.o.\",\"url\":\"https:\/\/www.marani.pl\/\",\"logo\":{\"@type\":\"ImageObject\",\"inLanguage\":\"en-GB\",\"@id\":\"https:\/\/www.marani.pl\/#\/schema\/logo\/image\/\",\"url\":\"https:\/\/www.marani.pl\/wp-content\/uploads\/2024\/01\/mm4-1-1.jpg\",\"contentUrl\":\"https:\/\/www.marani.pl\/wp-content\/uploads\/2024\/01\/mm4-1-1.jpg\",\"width\":1200,\"height\":897,\"caption\":\"Marani Sp. z o.o.\"},\"image\":{\"@id\":\"https:\/\/www.marani.pl\/#\/schema\/logo\/image\/\"},\"sameAs\":[\"https:\/\/www.facebook.com\/MaraniCompressedAir\"]}]}<\/script>\n<!-- \/ Yoast SEO plugin. -->","yoast_head_json":{"title":"Armatki powietrzne -","robots":{"index":"index","follow":"follow","max-snippet":"max-snippet:-1","max-image-preview":"max-image-preview:large","max-video-preview":"max-video-preview:-1"},"canonical":"http:\/\/www.marani.pl\/en\/produkty\/armatki-powietrzne\/","og_locale":"en_GB","og_type":"article","og_title":"Armatki powietrzne -","og_description":"Armatka powietrzna\/azotowa, wyst\u0119puj\u0105ca r\u00f3wnie\u017c pod nazw\u0105 pulsator pneumatyczny czy generator fal uderzeniowych, jest urz\u0105dzeniem stosowanym w przemy\u015ble do usuwania nawis\u00f3w [&hellip;]","og_url":"http:\/\/www.marani.pl\/en\/produkty\/armatki-powietrzne\/","article_publisher":"https:\/\/www.facebook.com\/MaraniCompressedAir","article_modified_time":"2025-03-23T16:18:07+00:00","og_image":[{"url":"https:\/\/www.marani.pl\/wp-content\/uploads\/2024\/01\/marani-armatki-powietrzne-1-1024x768.jpeg","type":"","width":"","height":""}],"schema":{"@context":"https:\/\/schema.org","@graph":[{"@type":"WebPage","@id":"https:\/\/www.marani.pl\/produkty\/armatki-powietrzne\/","url":"https:\/\/www.marani.pl\/produkty\/armatki-powietrzne\/","name":"Armatki powietrzne -","isPartOf":{"@id":"https:\/\/www.marani.pl\/#website"},"primaryImageOfPage":{"@id":"https:\/\/www.marani.pl\/produkty\/armatki-powietrzne\/#primaryimage"},"image":{"@id":"https:\/\/www.marani.pl\/produkty\/armatki-powietrzne\/#primaryimage"},"thumbnailUrl":"https:\/\/www.marani.pl\/wp-content\/uploads\/2024\/01\/marani-armatki-powietrzne-1-1024x768.jpeg","datePublished":"2024-01-23T11:50:03+00:00","dateModified":"2025-03-23T16:18:07+00:00","breadcrumb":{"@id":"https:\/\/www.marani.pl\/produkty\/armatki-powietrzne\/#breadcrumb"},"inLanguage":"en-GB","potentialAction":[{"@type":"ReadAction","target":["https:\/\/www.marani.pl\/produkty\/armatki-powietrzne\/"]}]},{"@type":"ImageObject","inLanguage":"en-GB","@id":"https:\/\/www.marani.pl\/produkty\/armatki-powietrzne\/#primaryimage","url":"https:\/\/www.marani.pl\/wp-content\/uploads\/2024\/01\/marani-armatki-powietrzne-1-1024x768.jpeg","contentUrl":"https:\/\/www.marani.pl\/wp-content\/uploads\/2024\/01\/marani-armatki-powietrzne-1-1024x768.jpeg"},{"@type":"BreadcrumbList","@id":"https:\/\/www.marani.pl\/produkty\/armatki-powietrzne\/#breadcrumb","itemListElement":[{"@type":"ListItem","position":1,"name":"Strona g\u0142\u00f3wna","item":"https:\/\/www.marani.pl\/"},{"@type":"ListItem","position":2,"name":"Produkty","item":"https:\/\/www.marani.pl\/produkty\/"},{"@type":"ListItem","position":3,"name":"Armatki powietrzne"}]},{"@type":"WebSite","@id":"https:\/\/www.marani.pl\/#website","url":"https:\/\/www.marani.pl\/","name":"","description":"","publisher":{"@id":"https:\/\/www.marani.pl\/#organization"},"potentialAction":[{"@type":"SearchAction","target":{"@type":"EntryPoint","urlTemplate":"https:\/\/www.marani.pl\/?s={search_term_string}"},"query-input":{"@type":"PropertyValueSpecification","valueRequired":true,"valueName":"search_term_string"}}],"inLanguage":"en-GB"},{"@type":"Organization","@id":"https:\/\/www.marani.pl\/#organization","name":"Marani Sp. z o.o.","url":"https:\/\/www.marani.pl\/","logo":{"@type":"ImageObject","inLanguage":"en-GB","@id":"https:\/\/www.marani.pl\/#\/schema\/logo\/image\/","url":"https:\/\/www.marani.pl\/wp-content\/uploads\/2024\/01\/mm4-1-1.jpg","contentUrl":"https:\/\/www.marani.pl\/wp-content\/uploads\/2024\/01\/mm4-1-1.jpg","width":1200,"height":897,"caption":"Marani Sp. z o.o."},"image":{"@id":"https:\/\/www.marani.pl\/#\/schema\/logo\/image\/"},"sameAs":["https:\/\/www.facebook.com\/MaraniCompressedAir"]}]}},"_links":{"self":[{"href":"http:\/\/www.marani.pl\/en\/wp-json\/wp\/v2\/pages\/1057","targetHints":{"allow":["GET"]}}],"collection":[{"href":"http:\/\/www.marani.pl\/en\/wp-json\/wp\/v2\/pages"}],"about":[{"href":"http:\/\/www.marani.pl\/en\/wp-json\/wp\/v2\/types\/page"}],"author":[{"embeddable":true,"href":"http:\/\/www.marani.pl\/en\/wp-json\/wp\/v2\/users\/1"}],"replies":[{"embeddable":true,"href":"http:\/\/www.marani.pl\/en\/wp-json\/wp\/v2\/comments?post=1057"}],"version-history":[{"count":16,"href":"http:\/\/www.marani.pl\/en\/wp-json\/wp\/v2\/pages\/1057\/revisions"}],"predecessor-version":[{"id":3223,"href":"http:\/\/www.marani.pl\/en\/wp-json\/wp\/v2\/pages\/1057\/revisions\/3223"}],"up":[{"embeddable":true,"href":"http:\/\/www.marani.pl\/en\/wp-json\/wp\/v2\/pages\/140"}],"wp:attachment":[{"href":"http:\/\/www.marani.pl\/en\/wp-json\/wp\/v2\/media?parent=1057"}],"curies":[{"name":"wp","href":"https:\/\/api.w.org\/{rel}","templated":true}]}}