{"id":461,"date":"2024-01-15T12:47:02","date_gmt":"2024-01-15T11:47:02","guid":{"rendered":"http:\/\/pl.marani.pl\/?page_id=461"},"modified":"2024-06-10T09:09:29","modified_gmt":"2024-06-10T07:09:29","slug":"geotermia","status":"publish","type":"page","link":"http:\/\/www.marani.pl\/en\/zastosowanie\/geotermia\/","title":{"rendered":"Geothermal"},"content":{"rendered":"<div data-elementor-type=\"wp-page\" data-elementor-id=\"461\" class=\"elementor elementor-461\" data-elementor-post-type=\"page\">\n\t\t\t\t<div class=\"elementor-element elementor-element-56096bc e-flex e-con-boxed e-con e-parent\" data-id=\"56096bc\" data-element_type=\"container\" data-settings=\"{&quot;background_background&quot;:&quot;classic&quot;}\">\n\t\t\t\t\t<div class=\"e-con-inner\">\n\t\t\t\t\t<\/div>\n\t\t\t\t<\/div>\n\t\t<div class=\"elementor-element elementor-element-c254913 e-flex e-con-boxed e-con e-parent\" data-id=\"c254913\" data-element_type=\"container\">\n\t\t\t\t\t<div class=\"e-con-inner\">\n\t\t\t\t<div class=\"elementor-element elementor-element-0711dd7 elementor-widget elementor-widget-shortcode\" data-id=\"0711dd7\" data-element_type=\"widget\" data-widget_type=\"shortcode.default\">\n\t\t\t\t<div class=\"elementor-widget-container\">\n\t\t\t\t\t\t\t<div class=\"elementor-shortcode\">\t\n<div id=\"breadcrumbs\">\n\t<p id=\"breadcrumbs\"><span><span><a href=\"http:\/\/www.marani.pl\/en\/\">Home<\/a><\/span><\/span><\/p>\t<h2>Geothermal<\/h2>\t\n<\/div>\n<\/div>\n\t\t\t\t\t\t<\/div>\n\t\t\t\t<\/div>\n\t\t\t\t\t<\/div>\n\t\t\t\t<\/div>\n\t\t<div class=\"elementor-element elementor-element-f5879a5 e-flex e-con-boxed e-con e-parent\" data-id=\"f5879a5\" data-element_type=\"container\">\n\t\t\t\t\t<div class=\"e-con-inner\">\n\t\t\t\t<div class=\"elementor-element elementor-element-7656712 elementor-widget elementor-widget-text-editor\" data-id=\"7656712\" data-element_type=\"widget\" data-widget_type=\"text-editor.default\">\n\t\t\t\t<div class=\"elementor-widget-container\">\n\t\t\t\t\t\t\t\t\t<p class=\"p1\">Marani company offers Marani units <a href=\"http:\/\/www.marani.pl\/en\/mikrosilownie-orc-organiczny-cykl-rankine-a\/\">Generation<\/a>which are capable of generating electricity in the power range from 10 kWe to 500 kWe <span class=\"s1\">and heat-driven jet cooling systems reaching up to 200 kW of cooling capacity.<\/span><\/p>\n<p class=\"p1\">Gyms <a href=\"http:\/\/www.marani.pl\/en\/mikrosilownie-orc-organiczny-cykl-rankine-a\/\">Marani ORC<\/a> can work with hydrothermal geothermal sources. Hot water or steam, or a mixture of water and steam, is the carrier of thermal energy in this process and can be used as a <a href=\"http:\/\/www.marani.pl\/en\/mikrosilownie-orc-organiczny-cykl-rankine-a\/\">heat source for ORC plant<\/a>. Marani proposes a comprehensive solution for heat recovery from hydrothermal geothermal sources using low- and medium-temperature ORC plants operating with an intermediate loop or with direct evaporation of the working medium. The solution is dedicated to geothermal heating plants and municipalities with geothermal sources on their territory with temperature levels from 90 <span class=\"s2\">\u221e<\/span>C.<\/p>\n<p class=\"p1\">The heat stream received is converted into electricity, either fed back into the grid or consumed for own use.<\/p>\n<p class=\"p2\">Heat from geothermal sources can also be used to drive MARANI jet cooling systems. In the case of a medium-temperature heat source, it is possible to achieve a higher COP of cooling systems than in the case of low-temperature sources. The cooling capacity can be used for standard cooling with chilled medium parameters of 6oC\/12oC or high-temperature cooling such as 16oC\/19oC. This temperature can be customised, which can also have a positive impact on the chiller's performance.<\/p>\n<p class=\"p1\">Application of MARANI ORC technology <span class=\"s1\">or<a href=\"http:\/\/www.marani.pl\/en\/strumienicowe-uklady-chlodnicze\/\"> MARANI CHILLER <\/a><\/span><a href=\"http:\/\/www.marani.pl\/en\/strumienicowe-uklady-chlodnicze\/\">in water heat recovery<\/a> from geothermal sources increases the energy efficiency of the generating units managed by local authorities and enables additional profits to be made from electricity production <span class=\"s1\">or cooling capacity.<\/span><\/p>\t\t\t\t\t\t\t\t<\/div>\n\t\t\t\t<\/div>\n\t\t\t\t\t<\/div>\n\t\t\t\t<\/div>\n\t\t<div class=\"elementor-element elementor-element-546e461 e-flex e-con-boxed e-con e-parent\" data-id=\"546e461\" data-element_type=\"container\">\n\t\t\t\t\t<div class=\"e-con-inner\">\n\t\t<div class=\"elementor-element elementor-element-b0b1714 e-con-full e-flex e-con e-child\" data-id=\"b0b1714\" data-element_type=\"container\">\n\t\t<div class=\"elementor-element elementor-element-0266bcf e-flex e-con-boxed e-con e-child\" data-id=\"0266bcf\" data-element_type=\"container\" data-settings=\"{&quot;background_background&quot;:&quot;classic&quot;}\">\n\t\t\t\t\t<div class=\"e-con-inner\">\n\t\t\t\t<div class=\"elementor-element elementor-element-84f67ce elementor-widget elementor-widget-heading\" data-id=\"84f67ce\" data-element_type=\"widget\" data-widget_type=\"heading.default\">\n\t\t\t\t<div class=\"elementor-widget-container\">\n\t\t\t\t\t<h3 class=\"elementor-heading-title elementor-size-default\">Pros:<\/h3>\t\t\t\t<\/div>\n\t\t\t\t<\/div>\n\t\t\t\t<div class=\"elementor-element elementor-element-763d684 elementor-icon-list--layout-traditional elementor-list-item-link-full_width elementor-widget elementor-widget-icon-list\" data-id=\"763d684\" data-element_type=\"widget\" data-widget_type=\"icon-list.default\">\n\t\t\t\t<div class=\"elementor-widget-container\">\n\t\t\t\t\t\t\t<ul class=\"elementor-icon-list-items\">\n\t\t\t\t\t\t\t<li class=\"elementor-icon-list-item\">\n\t\t\t\t\t\t\t\t\t\t\t<span class=\"elementor-icon-list-icon\">\n\t\t\t\t\t\t\t<svg aria-hidden=\"true\" class=\"e-font-icon-svg e-fas-check\" viewbox=\"0 0 512 512\" xmlns=\"http:\/\/www.w3.org\/2000\/svg\"><path d=\"M173.898 439.404l-166.4-166.4c-9.997-9.997-9.997-26.206 0-36.204l36.203-36.204c9.997-9.998 26.207-9.998 36.204 0L192 312.69 432.095 72.596c9.997-9.997 26.207-9.997 36.204 0l36.203 36.204c9.997 9.997 9.997 26.206 0 36.204l-294.4 294.401c-9.998 9.997-26.207 9.997-36.204-.001z\"><\/path><\/svg>\t\t\t\t\t\t<\/span>\n\t\t\t\t\t\t\t\t\t\t<span class=\"elementor-icon-list-text\">electricity generation from renewable heat<\/span>\n\t\t\t\t\t\t\t\t\t<\/li>\n\t\t\t\t\t\t\t\t<li class=\"elementor-icon-list-item\">\n\t\t\t\t\t\t\t\t\t\t\t<span class=\"elementor-icon-list-icon\">\n\t\t\t\t\t\t\t<svg aria-hidden=\"true\" class=\"e-font-icon-svg e-fas-check\" viewbox=\"0 0 512 512\" xmlns=\"http:\/\/www.w3.org\/2000\/svg\"><path d=\"M173.898 439.404l-166.4-166.4c-9.997-9.997-9.997-26.206 0-36.204l36.203-36.204c9.997-9.998 26.207-9.998 36.204 0L192 312.69 432.095 72.596c9.997-9.997 26.207-9.997 36.204 0l36.203 36.204c9.997 9.997 9.997 26.206 0 36.204l-294.4 294.401c-9.998 9.997-26.207 9.997-36.204-.001z\"><\/path><\/svg>\t\t\t\t\t\t<\/span>\n\t\t\t\t\t\t\t\t\t\t<span class=\"elementor-icon-list-text\">providing cooling capacity, reducing the electricity consumption of standard cooling systems<\/span>\n\t\t\t\t\t\t\t\t\t<\/li>\n\t\t\t\t\t\t\t\t<li class=\"elementor-icon-list-item\">\n\t\t\t\t\t\t\t\t\t\t\t<span class=\"elementor-icon-list-icon\">\n\t\t\t\t\t\t\t<svg aria-hidden=\"true\" class=\"e-font-icon-svg e-fas-check\" viewbox=\"0 0 512 512\" xmlns=\"http:\/\/www.w3.org\/2000\/svg\"><path d=\"M173.898 439.404l-166.4-166.4c-9.997-9.997-9.997-26.206 0-36.204l36.203-36.204c9.997-9.998 26.207-9.998 36.204 0L192 312.69 432.095 72.596c9.997-9.997 26.207-9.997 36.204 0l36.203 36.204c9.997 9.997 9.997 26.206 0 36.204l-294.4 294.401c-9.998 9.997-26.207 9.997-36.204-.001z\"><\/path><\/svg>\t\t\t\t\t\t<\/span>\n\t\t\t\t\t\t\t\t\t\t<span class=\"elementor-icon-list-text\">reduction in CO2 emissions<\/span>\n\t\t\t\t\t\t\t\t\t<\/li>\n\t\t\t\t\t\t\t\t<li class=\"elementor-icon-list-item\">\n\t\t\t\t\t\t\t\t\t\t\t<span class=\"elementor-icon-list-icon\">\n\t\t\t\t\t\t\t<svg aria-hidden=\"true\" class=\"e-font-icon-svg e-fas-check\" viewbox=\"0 0 512 512\" xmlns=\"http:\/\/www.w3.org\/2000\/svg\"><path d=\"M173.898 439.404l-166.4-166.4c-9.997-9.997-9.997-26.206 0-36.204l36.203-36.204c9.997-9.998 26.207-9.998 36.204 0L192 312.69 432.095 72.596c9.997-9.997 26.207-9.997 36.204 0l36.203 36.204c9.997 9.997 9.997 26.206 0 36.204l-294.4 294.401c-9.998 9.997-26.207 9.997-36.204-.001z\"><\/path><\/svg>\t\t\t\t\t\t<\/span>\n\t\t\t\t\t\t\t\t\t\t<span class=\"elementor-icon-list-text\">increasing energy efficiency indicators<\/span>\n\t\t\t\t\t\t\t\t\t<\/li>\n\t\t\t\t\t\t\t\t<li class=\"elementor-icon-list-item\">\n\t\t\t\t\t\t\t\t\t\t\t<span class=\"elementor-icon-list-icon\">\n\t\t\t\t\t\t\t<svg aria-hidden=\"true\" class=\"e-font-icon-svg e-fas-check\" viewbox=\"0 0 512 512\" xmlns=\"http:\/\/www.w3.org\/2000\/svg\"><path d=\"M173.898 439.404l-166.4-166.4c-9.997-9.997-9.997-26.206 0-36.204l36.203-36.204c9.997-9.998 26.207-9.998 36.204 0L192 312.69 432.095 72.596c9.997-9.997 26.207-9.997 36.204 0l36.203 36.204c9.997 9.997 9.997 26.206 0 36.204l-294.4 294.401c-9.998 9.997-26.207 9.997-36.204-.001z\"><\/path><\/svg>\t\t\t\t\t\t<\/span>\n\t\t\t\t\t\t\t\t\t\t<span class=\"elementor-icon-list-text\">no interference with the technological process<\/span>\n\t\t\t\t\t\t\t\t\t<\/li>\n\t\t\t\t\t\t\t\t<li class=\"elementor-icon-list-item\">\n\t\t\t\t\t\t\t\t\t\t\t<span class=\"elementor-icon-list-icon\">\n\t\t\t\t\t\t\t<svg aria-hidden=\"true\" class=\"e-font-icon-svg e-fas-check\" viewbox=\"0 0 512 512\" xmlns=\"http:\/\/www.w3.org\/2000\/svg\"><path d=\"M173.898 439.404l-166.4-166.4c-9.997-9.997-9.997-26.206 0-36.204l36.203-36.204c9.997-9.998 26.207-9.998 36.204 0L192 312.69 432.095 72.596c9.997-9.997 26.207-9.997 36.204 0l36.203 36.204c9.997 9.997 9.997 26.206 0 36.204l-294.4 294.401c-9.998 9.997-26.207 9.997-36.204-.001z\"><\/path><\/svg>\t\t\t\t\t\t<\/span>\n\t\t\t\t\t\t\t\t\t\t<span class=\"elementor-icon-list-text\">high electricity generation efficiency of up to 15% for medium temperature installations <\/span>\n\t\t\t\t\t\t\t\t\t<\/li>\n\t\t\t\t\t\t\t\t<li class=\"elementor-icon-list-item\">\n\t\t\t\t\t\t\t\t\t\t\t<span class=\"elementor-icon-list-icon\">\n\t\t\t\t\t\t\t<svg aria-hidden=\"true\" class=\"e-font-icon-svg e-fas-check\" viewbox=\"0 0 512 512\" xmlns=\"http:\/\/www.w3.org\/2000\/svg\"><path d=\"M173.898 439.404l-166.4-166.4c-9.997-9.997-9.997-26.206 0-36.204l36.203-36.204c9.997-9.998 26.207-9.998 36.204 0L192 312.69 432.095 72.596c9.997-9.997 26.207-9.997 36.204 0l36.203 36.204c9.997 9.997 9.997 26.206 0 36.204l-294.4 294.401c-9.998 9.997-26.207 9.997-36.204-.001z\"><\/path><\/svg>\t\t\t\t\t\t<\/span>\n\t\t\t\t\t\t\t\t\t\t<span class=\"elementor-icon-list-text\">containerised installation possible<\/span>\n\t\t\t\t\t\t\t\t\t<\/li>\n\t\t\t\t\t\t<\/ul>\n\t\t\t\t\t\t<\/div>\n\t\t\t\t<\/div>\n\t\t\t\t\t<\/div>\n\t\t\t\t<\/div>\n\t\t\t\t<\/div>\n\t\t\t\t\t<\/div>\n\t\t\t\t<\/div>\n\t\t\t\t<\/div>","protected":false},"excerpt":{"rendered":"<p>Marani offers Marani ORC units, which are capable of producing electricity in the power range from 10 kWe to [...]<\/p>","protected":false},"author":1,"featured_media":0,"parent":446,"menu_order":0,"comment_status":"closed","ping_status":"closed","template":"","meta":{"site-sidebar-layout":"no-sidebar","site-content-layout":"","ast-site-content-layout":"full-width-container","site-content-style":"default","site-sidebar-style":"default","ast-global-header-display":"","ast-banner-title-visibility":"","ast-main-header-display":"","ast-hfb-above-header-display":"","ast-hfb-below-header-display":"","ast-hfb-mobile-header-display":"","site-post-title":"disabled","ast-breadcrumbs-content":"","ast-featured-img":"disabled","footer-sml-layout":"","theme-transparent-header-meta":"","adv-header-id-meta":"","stick-header-meta":"","header-above-stick-meta":"","header-main-stick-meta":"","header-below-stick-meta":"","astra-migrate-meta-layouts":"default","ast-page-background-enabled":"default","ast-page-background-meta":{"desktop":{"background-color":"var(--ast-global-color-4)","background-image":"","background-repeat":"repeat","background-position":"center center","background-size":"auto","background-attachment":"scroll","background-type":"","background-media":"","overlay-type":"","overlay-color":"","overlay-gradient":""},"tablet":{"background-color":"","background-image":"","background-repeat":"repeat","background-position":"center center","background-size":"auto","background-attachment":"scroll","background-type":"","background-media":"","overlay-type":"","overlay-color":"","overlay-gradient":""},"mobile":{"background-color":"","background-image":"","background-repeat":"repeat","background-position":"center center","background-size":"auto","background-attachment":"scroll","background-type":"","background-media":"","overlay-type":"","overlay-color":"","overlay-gradient":""}},"ast-content-background-meta":{"desktop":{"background-color":"var(--ast-global-color-5)","background-image":"","background-repeat":"repeat","background-position":"center center","background-size":"auto","background-attachment":"scroll","background-type":"","background-media":"","overlay-type":"","overlay-color":"","overlay-gradient":""},"tablet":{"background-color":"var(--ast-global-color-5)","background-image":"","background-repeat":"repeat","background-position":"center center","background-size":"auto","background-attachment":"scroll","background-type":"","background-media":"","overlay-type":"","overlay-color":"","overlay-gradient":""},"mobile":{"background-color":"var(--ast-global-color-5)","background-image":"","background-repeat":"repeat","background-position":"center center","background-size":"auto","background-attachment":"scroll","background-type":"","background-media":"","overlay-type":"","overlay-color":"","overlay-gradient":""}},"footnotes":""},"class_list":["post-461","page","type-page","status-publish","hentry"],"yoast_head":"<!-- This site is optimized with the Yoast SEO plugin v26.7 - https:\/\/yoast.com\/wordpress\/plugins\/seo\/ -->\n<title>Geotermia -<\/title>\n<meta name=\"robots\" content=\"index, follow, max-snippet:-1, max-image-preview:large, max-video-preview:-1\" \/>\n<link rel=\"canonical\" href=\"http:\/\/www.marani.pl\/en\/zastosowanie\/geotermia\/\" \/>\n<meta property=\"og:locale\" content=\"en_GB\" \/>\n<meta property=\"og:type\" content=\"article\" \/>\n<meta property=\"og:title\" content=\"Geotermia -\" \/>\n<meta property=\"og:description\" content=\"Firma Marani oferuje jednostki Marani ORC, kt\u00f3re s\u0105 w stanie produkowa\u0107 energi\u0119 elektryczn\u0105 w zakresie mocy od 10 kWe do [&hellip;]\" \/>\n<meta property=\"og:url\" content=\"http:\/\/www.marani.pl\/en\/zastosowanie\/geotermia\/\" \/>\n<meta property=\"article:publisher\" content=\"https:\/\/www.facebook.com\/MaraniCompressedAir\" \/>\n<meta property=\"article:modified_time\" content=\"2024-06-10T07:09:29+00:00\" \/>\n<script type=\"application\/ld+json\" class=\"yoast-schema-graph\">{\"@context\":\"https:\/\/schema.org\",\"@graph\":[{\"@type\":\"WebPage\",\"@id\":\"https:\/\/www.marani.pl\/zastosowanie\/geotermia\/\",\"url\":\"https:\/\/www.marani.pl\/zastosowanie\/geotermia\/\",\"name\":\"Geotermia -\",\"isPartOf\":{\"@id\":\"https:\/\/www.marani.pl\/#website\"},\"datePublished\":\"2024-01-15T11:47:02+00:00\",\"dateModified\":\"2024-06-10T07:09:29+00:00\",\"breadcrumb\":{\"@id\":\"https:\/\/www.marani.pl\/zastosowanie\/geotermia\/#breadcrumb\"},\"inLanguage\":\"en-GB\",\"potentialAction\":[{\"@type\":\"ReadAction\",\"target\":[\"https:\/\/www.marani.pl\/zastosowanie\/geotermia\/\"]}]},{\"@type\":\"BreadcrumbList\",\"@id\":\"https:\/\/www.marani.pl\/zastosowanie\/geotermia\/#breadcrumb\",\"itemListElement\":[{\"@type\":\"ListItem\",\"position\":1,\"name\":\"Strona g\u0142\u00f3wna\",\"item\":\"https:\/\/www.marani.pl\/\"},{\"@type\":\"ListItem\",\"position\":2,\"name\":\"Zastosowanie\",\"item\":\"https:\/\/www.marani.pl\/zastosowanie\/\"},{\"@type\":\"ListItem\",\"position\":3,\"name\":\"Geotermia\"}]},{\"@type\":\"WebSite\",\"@id\":\"https:\/\/www.marani.pl\/#website\",\"url\":\"https:\/\/www.marani.pl\/\",\"name\":\"\",\"description\":\"\",\"publisher\":{\"@id\":\"https:\/\/www.marani.pl\/#organization\"},\"potentialAction\":[{\"@type\":\"SearchAction\",\"target\":{\"@type\":\"EntryPoint\",\"urlTemplate\":\"https:\/\/www.marani.pl\/?s={search_term_string}\"},\"query-input\":{\"@type\":\"PropertyValueSpecification\",\"valueRequired\":true,\"valueName\":\"search_term_string\"}}],\"inLanguage\":\"en-GB\"},{\"@type\":\"Organization\",\"@id\":\"https:\/\/www.marani.pl\/#organization\",\"name\":\"Marani Sp. z o.o.\",\"url\":\"https:\/\/www.marani.pl\/\",\"logo\":{\"@type\":\"ImageObject\",\"inLanguage\":\"en-GB\",\"@id\":\"https:\/\/www.marani.pl\/#\/schema\/logo\/image\/\",\"url\":\"https:\/\/www.marani.pl\/wp-content\/uploads\/2024\/01\/mm4-1-1.jpg\",\"contentUrl\":\"https:\/\/www.marani.pl\/wp-content\/uploads\/2024\/01\/mm4-1-1.jpg\",\"width\":1200,\"height\":897,\"caption\":\"Marani Sp. z o.o.\"},\"image\":{\"@id\":\"https:\/\/www.marani.pl\/#\/schema\/logo\/image\/\"},\"sameAs\":[\"https:\/\/www.facebook.com\/MaraniCompressedAir\"]}]}<\/script>\n<!-- \/ Yoast SEO plugin. -->","yoast_head_json":{"title":"Geotermia -","robots":{"index":"index","follow":"follow","max-snippet":"max-snippet:-1","max-image-preview":"max-image-preview:large","max-video-preview":"max-video-preview:-1"},"canonical":"http:\/\/www.marani.pl\/en\/zastosowanie\/geotermia\/","og_locale":"en_GB","og_type":"article","og_title":"Geotermia -","og_description":"Firma Marani oferuje jednostki Marani ORC, kt\u00f3re s\u0105 w stanie produkowa\u0107 energi\u0119 elektryczn\u0105 w zakresie mocy od 10 kWe do [&hellip;]","og_url":"http:\/\/www.marani.pl\/en\/zastosowanie\/geotermia\/","article_publisher":"https:\/\/www.facebook.com\/MaraniCompressedAir","article_modified_time":"2024-06-10T07:09:29+00:00","schema":{"@context":"https:\/\/schema.org","@graph":[{"@type":"WebPage","@id":"https:\/\/www.marani.pl\/zastosowanie\/geotermia\/","url":"https:\/\/www.marani.pl\/zastosowanie\/geotermia\/","name":"Geotermia -","isPartOf":{"@id":"https:\/\/www.marani.pl\/#website"},"datePublished":"2024-01-15T11:47:02+00:00","dateModified":"2024-06-10T07:09:29+00:00","breadcrumb":{"@id":"https:\/\/www.marani.pl\/zastosowanie\/geotermia\/#breadcrumb"},"inLanguage":"en-GB","potentialAction":[{"@type":"ReadAction","target":["https:\/\/www.marani.pl\/zastosowanie\/geotermia\/"]}]},{"@type":"BreadcrumbList","@id":"https:\/\/www.marani.pl\/zastosowanie\/geotermia\/#breadcrumb","itemListElement":[{"@type":"ListItem","position":1,"name":"Strona g\u0142\u00f3wna","item":"https:\/\/www.marani.pl\/"},{"@type":"ListItem","position":2,"name":"Zastosowanie","item":"https:\/\/www.marani.pl\/zastosowanie\/"},{"@type":"ListItem","position":3,"name":"Geotermia"}]},{"@type":"WebSite","@id":"https:\/\/www.marani.pl\/#website","url":"https:\/\/www.marani.pl\/","name":"","description":"","publisher":{"@id":"https:\/\/www.marani.pl\/#organization"},"potentialAction":[{"@type":"SearchAction","target":{"@type":"EntryPoint","urlTemplate":"https:\/\/www.marani.pl\/?s={search_term_string}"},"query-input":{"@type":"PropertyValueSpecification","valueRequired":true,"valueName":"search_term_string"}}],"inLanguage":"en-GB"},{"@type":"Organization","@id":"https:\/\/www.marani.pl\/#organization","name":"Marani Sp. z o.o.","url":"https:\/\/www.marani.pl\/","logo":{"@type":"ImageObject","inLanguage":"en-GB","@id":"https:\/\/www.marani.pl\/#\/schema\/logo\/image\/","url":"https:\/\/www.marani.pl\/wp-content\/uploads\/2024\/01\/mm4-1-1.jpg","contentUrl":"https:\/\/www.marani.pl\/wp-content\/uploads\/2024\/01\/mm4-1-1.jpg","width":1200,"height":897,"caption":"Marani Sp. z o.o."},"image":{"@id":"https:\/\/www.marani.pl\/#\/schema\/logo\/image\/"},"sameAs":["https:\/\/www.facebook.com\/MaraniCompressedAir"]}]}},"_links":{"self":[{"href":"http:\/\/www.marani.pl\/en\/wp-json\/wp\/v2\/pages\/461","targetHints":{"allow":["GET"]}}],"collection":[{"href":"http:\/\/www.marani.pl\/en\/wp-json\/wp\/v2\/pages"}],"about":[{"href":"http:\/\/www.marani.pl\/en\/wp-json\/wp\/v2\/types\/page"}],"author":[{"embeddable":true,"href":"http:\/\/www.marani.pl\/en\/wp-json\/wp\/v2\/users\/1"}],"replies":[{"embeddable":true,"href":"http:\/\/www.marani.pl\/en\/wp-json\/wp\/v2\/comments?post=461"}],"version-history":[{"count":7,"href":"http:\/\/www.marani.pl\/en\/wp-json\/wp\/v2\/pages\/461\/revisions"}],"predecessor-version":[{"id":2562,"href":"http:\/\/www.marani.pl\/en\/wp-json\/wp\/v2\/pages\/461\/revisions\/2562"}],"up":[{"embeddable":true,"href":"http:\/\/www.marani.pl\/en\/wp-json\/wp\/v2\/pages\/446"}],"wp:attachment":[{"href":"http:\/\/www.marani.pl\/en\/wp-json\/wp\/v2\/media?parent=461"}],"curies":[{"name":"wp","href":"https:\/\/api.w.org\/{rel}","templated":true}]}}