{"id":477,"date":"2024-01-15T12:54:59","date_gmt":"2024-01-15T11:54:59","guid":{"rendered":"http:\/\/pl.marani.pl\/?page_id=477"},"modified":"2026-01-04T17:25:19","modified_gmt":"2026-01-04T16:25:19","slug":"outsourcing-build-own-operate","status":"publish","type":"page","link":"http:\/\/www.marani.pl\/en\/uslugi\/outsourcing-build-own-operate\/","title":{"rendered":"Build-own-operate\" outsourcing"},"content":{"rendered":"<div data-elementor-type=\"wp-page\" data-elementor-id=\"477\" class=\"elementor elementor-477\" data-elementor-post-type=\"page\">\n\t\t\t\t<div class=\"elementor-element elementor-element-56096bc e-flex e-con-boxed e-con e-parent\" data-id=\"56096bc\" data-element_type=\"container\" data-settings=\"{&quot;background_background&quot;:&quot;classic&quot;}\">\n\t\t\t\t\t<div class=\"e-con-inner\">\n\t\t\t\t\t<\/div>\n\t\t\t\t<\/div>\n\t\t<div class=\"elementor-element elementor-element-c254913 e-flex e-con-boxed e-con e-parent\" data-id=\"c254913\" data-element_type=\"container\">\n\t\t\t\t\t<div class=\"e-con-inner\">\n\t\t\t\t<div class=\"elementor-element elementor-element-0711dd7 elementor-widget elementor-widget-shortcode\" data-id=\"0711dd7\" data-element_type=\"widget\" data-widget_type=\"shortcode.default\">\n\t\t\t\t<div class=\"elementor-widget-container\">\n\t\t\t\t\t\t\t<div class=\"elementor-shortcode\">\t\n<div id=\"breadcrumbs\">\n\t<p id=\"breadcrumbs\"><span><span><a href=\"http:\/\/www.marani.pl\/en\/\">Home<\/a><\/span><\/span><\/p>\t<h2>Build-own-operate\" outsourcing<\/h2>\t\n<\/div>\n<\/div>\n\t\t\t\t\t\t<\/div>\n\t\t\t\t<\/div>\n\t\t\t\t\t<\/div>\n\t\t\t\t<\/div>\n\t\t<div class=\"elementor-element elementor-element-3ae3c57 e-flex e-con-boxed e-con e-parent\" data-id=\"3ae3c57\" data-element_type=\"container\">\n\t\t\t\t\t<div class=\"e-con-inner\">\n\t\t\t\t<div class=\"elementor-element elementor-element-56b47f5 elementor-widget elementor-widget-heading\" data-id=\"56b47f5\" data-element_type=\"widget\" data-widget_type=\"heading.default\">\n\t\t\t\t<div class=\"elementor-widget-container\">\n\t\t\t\t\t<h3 class=\"elementor-heading-title elementor-size-default\">As part of this service, we undertake the permanent supply of compressed air and nitrogen of guaranteed quantity and quality and agreed price to the customer's receivers from our own power sources located at the customer's premises.<\/h3>\t\t\t\t<\/div>\n\t\t\t\t<\/div>\n\t\t\t\t<div class=\"elementor-element elementor-element-c5bfa35 elementor-widget elementor-widget-text-editor\" data-id=\"c5bfa35\" data-element_type=\"widget\" data-widget_type=\"text-editor.default\">\n\t\t\t\t<div class=\"elementor-widget-container\">\n\t\t\t\t\t\t\t\t\t<p>We operate in two areas:<\/p><ul><li>we take over existing compressed air facilities from the customer for permanent service (24-hour hotline), which we subject to\u00a0<strong>upgrades<\/strong> for cost reduction<\/li><li>we carry out new investments, in which we are involved from construction to permanent operation of facilities that remain our property<\/li><\/ul><p>Implementation of investment projects in the form of\u00a0<strong>outsourcing<\/strong>\u00a0is based on BOO (Build-Operate-Own) or contracting (Build-Operate-Transfer) principles.<\/p><p>This model of compressed air supply has undoubted advantages, which are:<\/p><ul><li>relieving the client's budget by preserving its own investment funds<\/li><li>the customer obtains a low, fixed delivery price<\/li><li><span style=\"font-size: 16px;\">reduction in handling costs<\/span><\/li><li>a guarantee of professional service<\/li><\/ul>\t\t\t\t\t\t\t\t<\/div>\n\t\t\t\t<\/div>\n\t\t\t\t\t<\/div>\n\t\t\t\t<\/div>\n\t\t<div class=\"elementor-element elementor-element-e29c68a e-flex e-con-boxed e-con e-parent\" data-id=\"e29c68a\" data-element_type=\"container\" data-settings=\"{&quot;background_background&quot;:&quot;classic&quot;}\">\n\t\t\t\t\t<div class=\"e-con-inner\">\n\t\t\t\t<div class=\"elementor-element elementor-element-7dafebe elementor-widget elementor-widget-heading\" data-id=\"7dafebe\" data-element_type=\"widget\" data-widget_type=\"heading.default\">\n\t\t\t\t<div class=\"elementor-widget-container\">\n\t\t\t\t\t<h2 class=\"elementor-heading-title elementor-size-default\">We are a leader in the sale of compressed air<\/h2>\t\t\t\t<\/div>\n\t\t\t\t<\/div>\n\t\t\t\t\t<\/div>\n\t\t\t\t<\/div>\n\t\t<div class=\"elementor-element elementor-element-d5b3c29 e-flex e-con-boxed e-con e-parent\" data-id=\"d5b3c29\" data-element_type=\"container\" data-settings=\"{&quot;background_background&quot;:&quot;classic&quot;}\">\n\t\t\t\t\t<div class=\"e-con-inner\">\n\t\t<div class=\"elementor-element elementor-element-2a3169e e-flex e-con-boxed e-con e-child\" data-id=\"2a3169e\" data-element_type=\"container\">\n\t\t\t\t\t<div class=\"e-con-inner\">\n\t\t<div class=\"elementor-element elementor-element-c27df0c e-con-full e-flex e-con e-child\" data-id=\"c27df0c\" data-element_type=\"container\">\n\t\t\t\t<div class=\"elementor-element elementor-element-d85c1d9 elementor-widget elementor-widget-counter\" data-id=\"d85c1d9\" data-element_type=\"widget\" data-widget_type=\"counter.default\">\n\t\t\t\t<div class=\"elementor-widget-container\">\n\t\t\t\t\t\t\t<div class=\"elementor-counter\">\n\t\t\t<div class=\"elementor-counter-title\">years of experience<\/div>\t\t\t<div class=\"elementor-counter-number-wrapper\">\n\t\t\t\t<span class=\"elementor-counter-number-prefix\"><\/span>\n\t\t\t\t<span class=\"elementor-counter-number\" data-duration=\"2000\" data-to-value=\"30\" data-from-value=\"0\" data-delimiter=\",\">0<\/span>\n\t\t\t\t<span class=\"elementor-counter-number-suffix\"><\/span>\n\t\t\t<\/div>\n\t\t<\/div>\n\t\t\t\t\t\t<\/div>\n\t\t\t\t<\/div>\n\t\t\t\t<\/div>\n\t\t<div class=\"elementor-element elementor-element-ee0d889 e-con-full e-flex e-con e-child\" data-id=\"ee0d889\" data-element_type=\"container\">\n\t\t\t\t<div class=\"elementor-element elementor-element-653dbce elementor-widget elementor-widget-counter\" data-id=\"653dbce\" data-element_type=\"widget\" data-widget_type=\"counter.default\">\n\t\t\t\t<div class=\"elementor-widget-container\">\n\t\t\t\t\t\t\t<div class=\"elementor-counter\">\n\t\t\t<div class=\"elementor-counter-title translation-block\">m<sup>3<\/sup>\/h of compressed air produced<\/div>\t\t\t<div class=\"elementor-counter-number-wrapper\">\n\t\t\t\t<span class=\"elementor-counter-number-prefix\"><\/span>\n\t\t\t\t<span class=\"elementor-counter-number\" data-duration=\"2000\" data-to-value=\"750000\" data-from-value=\"0\" data-delimiter=\",\">0<\/span>\n\t\t\t\t<span class=\"elementor-counter-number-suffix\"><\/span>\n\t\t\t<\/div>\n\t\t<\/div>\n\t\t\t\t\t\t<\/div>\n\t\t\t\t<\/div>\n\t\t\t\t<\/div>\n\t\t<div class=\"elementor-element elementor-element-73e3b98 e-con-full e-flex e-con e-child\" data-id=\"73e3b98\" data-element_type=\"container\">\n\t\t\t\t<div class=\"elementor-element elementor-element-28c971d elementor-widget elementor-widget-counter\" data-id=\"28c971d\" data-element_type=\"widget\" data-widget_type=\"counter.default\">\n\t\t\t\t<div class=\"elementor-widget-container\">\n\t\t\t\t\t\t\t<div class=\"elementor-counter\">\n\t\t\t<div class=\"elementor-counter-title\">power of installed devices<\/div>\t\t\t<div class=\"elementor-counter-number-wrapper\">\n\t\t\t\t<span class=\"elementor-counter-number-prefix\"><\/span>\n\t\t\t\t<span class=\"elementor-counter-number\" data-duration=\"2000\" data-to-value=\"75\" data-from-value=\"0\" data-delimiter=\",\">0<\/span>\n\t\t\t\t<span class=\"elementor-counter-number-suffix\"> MW<sub>el<\/sub><\/span>\n\t\t\t<\/div>\n\t\t<\/div>\n\t\t\t\t\t\t<\/div>\n\t\t\t\t<\/div>\n\t\t\t\t<\/div>\n\t\t\t\t\t<\/div>\n\t\t\t\t<\/div>\n\t\t\t\t\t<\/div>\n\t\t\t\t<\/div>\n\t\t<div class=\"elementor-element elementor-element-dd1d00a e-flex e-con-boxed e-con e-parent\" data-id=\"dd1d00a\" data-element_type=\"container\">\n\t\t\t\t\t<div class=\"e-con-inner\">\n\t\t\t\t<div class=\"elementor-element elementor-element-e8e8b86 elementor-widget elementor-widget-image\" data-id=\"e8e8b86\" data-element_type=\"widget\" data-widget_type=\"image.default\">\n\t\t\t\t<div class=\"elementor-widget-container\">\n\t\t\t\t\t\t\t\t\t\t\t\t\t\t\t<img fetchpriority=\"high\" decoding=\"async\" width=\"900\" height=\"670\" src=\"https:\/\/www.marani.pl\/wp-content\/uploads\/2024\/01\/projekt-sprez.png\" class=\"attachment-large size-large wp-image-1100\" alt=\"\" srcset=\"https:\/\/www.marani.pl\/wp-content\/uploads\/2024\/01\/projekt-sprez.png 900w, https:\/\/www.marani.pl\/wp-content\/uploads\/2024\/01\/projekt-sprez-300x223.png 300w, https:\/\/www.marani.pl\/wp-content\/uploads\/2024\/01\/projekt-sprez-768x572.png 768w\" sizes=\"(max-width: 900px) 100vw, 900px\" \/>\t\t\t\t\t\t\t\t\t\t\t\t\t\t\t<\/div>\n\t\t\t\t<\/div>\n\t\t\t\t<div class=\"elementor-element elementor-element-e92e627 elementor-widget elementor-widget-heading\" data-id=\"e92e627\" data-element_type=\"widget\" data-widget_type=\"heading.default\">\n\t\t\t\t<div class=\"elementor-widget-container\">\n\t\t\t\t\t<h4 class=\"elementor-heading-title elementor-size-default\">We build and equip new compressor stations and carry out technical restructuring processes for the compressed air management of mines, steelworks, industrial, food or metal companies, as well as hospitals. The aim is to achieve maximum energy savings in line with the ESCO (Energy Saving Company) philosophy.<\/h4>\t\t\t\t<\/div>\n\t\t\t\t<\/div>\n\t\t\t\t<div class=\"elementor-element elementor-element-1aa1075 elementor-widget elementor-widget-text-editor\" data-id=\"1aa1075\" data-element_type=\"widget\" data-widget_type=\"text-editor.default\">\n\t\t\t\t<div class=\"elementor-widget-container\">\n\t\t\t\t\t\t\t\t\t<p>We operate in three areas :<\/p><ul><li>construction of new or modernisation of existing compressor stations<\/li><li>decentralisation of supply sources and compressed air networks<\/li><li>supply differentiation according to the degree of filtration and pressure level<\/li><\/ul><p>We offer comprehensive activities in the field of:<\/p><ul><li>conceptual designs<\/li><li>technical projects<\/li><li>energy audit<\/li><li><strong>installation<\/strong>\u00a0and commissioning of equipment and crew training<\/li><li>investment financing (contracting)<\/li><li>compressor station management (outsourcing)<\/li><li>24-hour service<\/li><li>e-monitoring\u00a0<a href=\"http:\/\/www.marani.pl\/en\/produkty\/instalacje-pneumatyczne\/\"><strong>compressed air systems<\/strong><\/a><\/li><\/ul><p>We are a technical integrator that uses only our own equipment or equipment from the world's most recognised companies.<\/p>\t\t\t\t\t\t\t\t<\/div>\n\t\t\t\t<\/div>\n\t\t\t\t\t<\/div>\n\t\t\t\t<\/div>\n\t\t\t\t<\/div>","protected":false},"excerpt":{"rendered":"<p>As part of this service, we undertake the continuous supply of compressed air and nitrogen with a guaranteed quantity and quality and an agreed price [...]<\/p>","protected":false},"author":1,"featured_media":0,"parent":475,"menu_order":0,"comment_status":"closed","ping_status":"closed","template":"","meta":{"site-sidebar-layout":"no-sidebar","site-content-layout":"","ast-site-content-layout":"full-width-container","site-content-style":"default","site-sidebar-style":"default","ast-global-header-display":"","ast-banner-title-visibility":"","ast-main-header-display":"","ast-hfb-above-header-display":"","ast-hfb-below-header-display":"","ast-hfb-mobile-header-display":"","site-post-title":"disabled","ast-breadcrumbs-content":"","ast-featured-img":"disabled","footer-sml-layout":"","theme-transparent-header-meta":"","adv-header-id-meta":"","stick-header-meta":"","header-above-stick-meta":"","header-main-stick-meta":"","header-below-stick-meta":"","astra-migrate-meta-layouts":"default","ast-page-background-enabled":"default","ast-page-background-meta":{"desktop":{"background-color":"var(--ast-global-color-4)","background-image":"","background-repeat":"repeat","background-position":"center center","background-size":"auto","background-attachment":"scroll","background-type":"","background-media":"","overlay-type":"","overlay-color":"","overlay-gradient":""},"tablet":{"background-color":"","background-image":"","background-repeat":"repeat","background-position":"center center","background-size":"auto","background-attachment":"scroll","background-type":"","background-media":"","overlay-type":"","overlay-color":"","overlay-gradient":""},"mobile":{"background-color":"","background-image":"","background-repeat":"repeat","background-position":"center center","background-size":"auto","background-attachment":"scroll","background-type":"","background-media":"","overlay-type":"","overlay-color":"","overlay-gradient":""}},"ast-content-background-meta":{"desktop":{"background-color":"var(--ast-global-color-5)","background-image":"","background-repeat":"repeat","background-position":"center center","background-size":"auto","background-attachment":"scroll","background-type":"","background-media":"","overlay-type":"","overlay-color":"","overlay-gradient":""},"tablet":{"background-color":"var(--ast-global-color-5)","background-image":"","background-repeat":"repeat","background-position":"center center","background-size":"auto","background-attachment":"scroll","background-type":"","background-media":"","overlay-type":"","overlay-color":"","overlay-gradient":""},"mobile":{"background-color":"var(--ast-global-color-5)","background-image":"","background-repeat":"repeat","background-position":"center center","background-size":"auto","background-attachment":"scroll","background-type":"","background-media":"","overlay-type":"","overlay-color":"","overlay-gradient":""}},"footnotes":""},"class_list":["post-477","page","type-page","status-publish","hentry"],"yoast_head":"<!-- This site is optimized with the Yoast SEO plugin v26.7 - https:\/\/yoast.com\/wordpress\/plugins\/seo\/ -->\n<title>Outsourcing &quot;build-own-operate&quot; -<\/title>\n<meta name=\"robots\" content=\"index, follow, max-snippet:-1, max-image-preview:large, max-video-preview:-1\" \/>\n<link rel=\"canonical\" href=\"http:\/\/www.marani.pl\/en\/uslugi\/outsourcing-build-own-operate\/\" \/>\n<meta property=\"og:locale\" content=\"en_GB\" \/>\n<meta property=\"og:type\" content=\"article\" \/>\n<meta property=\"og:title\" content=\"Outsourcing &quot;build-own-operate&quot; -\" \/>\n<meta property=\"og:description\" content=\"W ramach tej us\u0142ugi podejmujemy si\u0119 sta\u0142ej dostawy spr\u0119\u017conego powietrza i azotu o gwarantowanej ilo\u015bci i jako\u015bci oraz uzgodnionej cenie [&hellip;]\" \/>\n<meta property=\"og:url\" content=\"http:\/\/www.marani.pl\/en\/uslugi\/outsourcing-build-own-operate\/\" \/>\n<meta property=\"article:publisher\" content=\"https:\/\/www.facebook.com\/MaraniCompressedAir\" \/>\n<meta property=\"article:modified_time\" content=\"2026-01-04T16:25:19+00:00\" \/>\n<meta property=\"og:image\" content=\"https:\/\/www.marani.pl\/wp-content\/uploads\/2024\/01\/projekt-sprez.png\" \/>\n<script type=\"application\/ld+json\" class=\"yoast-schema-graph\">{\"@context\":\"https:\/\/schema.org\",\"@graph\":[{\"@type\":\"WebPage\",\"@id\":\"https:\/\/www.marani.pl\/uslugi\/outsourcing-build-own-operate\/\",\"url\":\"https:\/\/www.marani.pl\/uslugi\/outsourcing-build-own-operate\/\",\"name\":\"Outsourcing \\\"build-own-operate\\\" -\",\"isPartOf\":{\"@id\":\"https:\/\/www.marani.pl\/#website\"},\"primaryImageOfPage\":{\"@id\":\"https:\/\/www.marani.pl\/uslugi\/outsourcing-build-own-operate\/#primaryimage\"},\"image\":{\"@id\":\"https:\/\/www.marani.pl\/uslugi\/outsourcing-build-own-operate\/#primaryimage\"},\"thumbnailUrl\":\"https:\/\/www.marani.pl\/wp-content\/uploads\/2024\/01\/projekt-sprez.png\",\"datePublished\":\"2024-01-15T11:54:59+00:00\",\"dateModified\":\"2026-01-04T16:25:19+00:00\",\"breadcrumb\":{\"@id\":\"https:\/\/www.marani.pl\/uslugi\/outsourcing-build-own-operate\/#breadcrumb\"},\"inLanguage\":\"en-GB\",\"potentialAction\":[{\"@type\":\"ReadAction\",\"target\":[\"https:\/\/www.marani.pl\/uslugi\/outsourcing-build-own-operate\/\"]}]},{\"@type\":\"ImageObject\",\"inLanguage\":\"en-GB\",\"@id\":\"https:\/\/www.marani.pl\/uslugi\/outsourcing-build-own-operate\/#primaryimage\",\"url\":\"https:\/\/www.marani.pl\/wp-content\/uploads\/2024\/01\/projekt-sprez.png\",\"contentUrl\":\"https:\/\/www.marani.pl\/wp-content\/uploads\/2024\/01\/projekt-sprez.png\"},{\"@type\":\"BreadcrumbList\",\"@id\":\"https:\/\/www.marani.pl\/uslugi\/outsourcing-build-own-operate\/#breadcrumb\",\"itemListElement\":[{\"@type\":\"ListItem\",\"position\":1,\"name\":\"Strona g\u0142\u00f3wna\",\"item\":\"https:\/\/www.marani.pl\/\"},{\"@type\":\"ListItem\",\"position\":2,\"name\":\"Us\u0142ugi\",\"item\":\"https:\/\/www.marani.pl\/uslugi\/\"},{\"@type\":\"ListItem\",\"position\":3,\"name\":\"Outsourcing &#8222;build-own-operate&#8221;\"}]},{\"@type\":\"WebSite\",\"@id\":\"https:\/\/www.marani.pl\/#website\",\"url\":\"https:\/\/www.marani.pl\/\",\"name\":\"\",\"description\":\"\",\"publisher\":{\"@id\":\"https:\/\/www.marani.pl\/#organization\"},\"potentialAction\":[{\"@type\":\"SearchAction\",\"target\":{\"@type\":\"EntryPoint\",\"urlTemplate\":\"https:\/\/www.marani.pl\/?s={search_term_string}\"},\"query-input\":{\"@type\":\"PropertyValueSpecification\",\"valueRequired\":true,\"valueName\":\"search_term_string\"}}],\"inLanguage\":\"en-GB\"},{\"@type\":\"Organization\",\"@id\":\"https:\/\/www.marani.pl\/#organization\",\"name\":\"Marani Sp. z o.o.\",\"url\":\"https:\/\/www.marani.pl\/\",\"logo\":{\"@type\":\"ImageObject\",\"inLanguage\":\"en-GB\",\"@id\":\"https:\/\/www.marani.pl\/#\/schema\/logo\/image\/\",\"url\":\"https:\/\/www.marani.pl\/wp-content\/uploads\/2024\/01\/mm4-1-1.jpg\",\"contentUrl\":\"https:\/\/www.marani.pl\/wp-content\/uploads\/2024\/01\/mm4-1-1.jpg\",\"width\":1200,\"height\":897,\"caption\":\"Marani Sp. z o.o.\"},\"image\":{\"@id\":\"https:\/\/www.marani.pl\/#\/schema\/logo\/image\/\"},\"sameAs\":[\"https:\/\/www.facebook.com\/MaraniCompressedAir\"]}]}<\/script>\n<!-- \/ Yoast SEO plugin. -->","yoast_head_json":{"title":"Outsourcing \"build-own-operate\" -","robots":{"index":"index","follow":"follow","max-snippet":"max-snippet:-1","max-image-preview":"max-image-preview:large","max-video-preview":"max-video-preview:-1"},"canonical":"http:\/\/www.marani.pl\/en\/uslugi\/outsourcing-build-own-operate\/","og_locale":"en_GB","og_type":"article","og_title":"Outsourcing \"build-own-operate\" -","og_description":"W ramach tej us\u0142ugi podejmujemy si\u0119 sta\u0142ej dostawy spr\u0119\u017conego powietrza i azotu o gwarantowanej ilo\u015bci i jako\u015bci oraz uzgodnionej cenie [&hellip;]","og_url":"http:\/\/www.marani.pl\/en\/uslugi\/outsourcing-build-own-operate\/","article_publisher":"https:\/\/www.facebook.com\/MaraniCompressedAir","article_modified_time":"2026-01-04T16:25:19+00:00","og_image":[{"url":"https:\/\/www.marani.pl\/wp-content\/uploads\/2024\/01\/projekt-sprez.png","type":"","width":"","height":""}],"schema":{"@context":"https:\/\/schema.org","@graph":[{"@type":"WebPage","@id":"https:\/\/www.marani.pl\/uslugi\/outsourcing-build-own-operate\/","url":"https:\/\/www.marani.pl\/uslugi\/outsourcing-build-own-operate\/","name":"Outsourcing \"build-own-operate\" -","isPartOf":{"@id":"https:\/\/www.marani.pl\/#website"},"primaryImageOfPage":{"@id":"https:\/\/www.marani.pl\/uslugi\/outsourcing-build-own-operate\/#primaryimage"},"image":{"@id":"https:\/\/www.marani.pl\/uslugi\/outsourcing-build-own-operate\/#primaryimage"},"thumbnailUrl":"https:\/\/www.marani.pl\/wp-content\/uploads\/2024\/01\/projekt-sprez.png","datePublished":"2024-01-15T11:54:59+00:00","dateModified":"2026-01-04T16:25:19+00:00","breadcrumb":{"@id":"https:\/\/www.marani.pl\/uslugi\/outsourcing-build-own-operate\/#breadcrumb"},"inLanguage":"en-GB","potentialAction":[{"@type":"ReadAction","target":["https:\/\/www.marani.pl\/uslugi\/outsourcing-build-own-operate\/"]}]},{"@type":"ImageObject","inLanguage":"en-GB","@id":"https:\/\/www.marani.pl\/uslugi\/outsourcing-build-own-operate\/#primaryimage","url":"https:\/\/www.marani.pl\/wp-content\/uploads\/2024\/01\/projekt-sprez.png","contentUrl":"https:\/\/www.marani.pl\/wp-content\/uploads\/2024\/01\/projekt-sprez.png"},{"@type":"BreadcrumbList","@id":"https:\/\/www.marani.pl\/uslugi\/outsourcing-build-own-operate\/#breadcrumb","itemListElement":[{"@type":"ListItem","position":1,"name":"Strona g\u0142\u00f3wna","item":"https:\/\/www.marani.pl\/"},{"@type":"ListItem","position":2,"name":"Us\u0142ugi","item":"https:\/\/www.marani.pl\/uslugi\/"},{"@type":"ListItem","position":3,"name":"Outsourcing &#8222;build-own-operate&#8221;"}]},{"@type":"WebSite","@id":"https:\/\/www.marani.pl\/#website","url":"https:\/\/www.marani.pl\/","name":"","description":"","publisher":{"@id":"https:\/\/www.marani.pl\/#organization"},"potentialAction":[{"@type":"SearchAction","target":{"@type":"EntryPoint","urlTemplate":"https:\/\/www.marani.pl\/?s={search_term_string}"},"query-input":{"@type":"PropertyValueSpecification","valueRequired":true,"valueName":"search_term_string"}}],"inLanguage":"en-GB"},{"@type":"Organization","@id":"https:\/\/www.marani.pl\/#organization","name":"Marani Sp. z o.o.","url":"https:\/\/www.marani.pl\/","logo":{"@type":"ImageObject","inLanguage":"en-GB","@id":"https:\/\/www.marani.pl\/#\/schema\/logo\/image\/","url":"https:\/\/www.marani.pl\/wp-content\/uploads\/2024\/01\/mm4-1-1.jpg","contentUrl":"https:\/\/www.marani.pl\/wp-content\/uploads\/2024\/01\/mm4-1-1.jpg","width":1200,"height":897,"caption":"Marani Sp. z o.o."},"image":{"@id":"https:\/\/www.marani.pl\/#\/schema\/logo\/image\/"},"sameAs":["https:\/\/www.facebook.com\/MaraniCompressedAir"]}]}},"_links":{"self":[{"href":"http:\/\/www.marani.pl\/en\/wp-json\/wp\/v2\/pages\/477","targetHints":{"allow":["GET"]}}],"collection":[{"href":"http:\/\/www.marani.pl\/en\/wp-json\/wp\/v2\/pages"}],"about":[{"href":"http:\/\/www.marani.pl\/en\/wp-json\/wp\/v2\/types\/page"}],"author":[{"embeddable":true,"href":"http:\/\/www.marani.pl\/en\/wp-json\/wp\/v2\/users\/1"}],"replies":[{"embeddable":true,"href":"http:\/\/www.marani.pl\/en\/wp-json\/wp\/v2\/comments?post=477"}],"version-history":[{"count":43,"href":"http:\/\/www.marani.pl\/en\/wp-json\/wp\/v2\/pages\/477\/revisions"}],"predecessor-version":[{"id":3956,"href":"http:\/\/www.marani.pl\/en\/wp-json\/wp\/v2\/pages\/477\/revisions\/3956"}],"up":[{"embeddable":true,"href":"http:\/\/www.marani.pl\/en\/wp-json\/wp\/v2\/pages\/475"}],"wp:attachment":[{"href":"http:\/\/www.marani.pl\/en\/wp-json\/wp\/v2\/media?parent=477"}],"curies":[{"name":"wp","href":"https:\/\/api.w.org\/{rel}","templated":true}]}}