{"id":1000,"date":"2024-01-23T12:15:08","date_gmt":"2024-01-23T11:15:08","guid":{"rendered":"https:\/\/pl.marani.pl\/?page_id=1000"},"modified":"2025-03-23T16:31:29","modified_gmt":"2025-03-23T15:31:29","slug":"dmuchawy-rootsa","status":"publish","type":"page","link":"https:\/\/www.marani.pl\/en\/produkty\/dmuchawy-rootsa\/","title":{"rendered":"ROOTS blowers"},"content":{"rendered":"<div data-elementor-type=\"wp-page\" data-elementor-id=\"1000\" class=\"elementor elementor-1000\" data-elementor-post-type=\"page\">\n\t\t\t\t<div class=\"elementor-element elementor-element-56096bc e-flex e-con-boxed e-con e-parent\" data-id=\"56096bc\" data-element_type=\"container\" data-settings=\"{&quot;background_background&quot;:&quot;classic&quot;}\">\n\t\t\t\t\t<div class=\"e-con-inner\">\n\t\t\t\t\t<\/div>\n\t\t\t\t<\/div>\n\t\t<div class=\"elementor-element elementor-element-c254913 e-flex e-con-boxed e-con e-parent\" data-id=\"c254913\" data-element_type=\"container\">\n\t\t\t\t\t<div class=\"e-con-inner\">\n\t\t\t\t<div class=\"elementor-element elementor-element-0711dd7 elementor-widget elementor-widget-shortcode\" data-id=\"0711dd7\" data-element_type=\"widget\" data-widget_type=\"shortcode.default\">\n\t\t\t\t<div class=\"elementor-widget-container\">\n\t\t\t\t\t\t\t<div class=\"elementor-shortcode\">\t\n<div id=\"breadcrumbs\">\n\t<p id=\"breadcrumbs\"><span><span><a href=\"https:\/\/www.marani.pl\/en\/\">Home<\/a><\/span><\/span><\/p>\t<h2>ROOTS blowers<\/h2>\t\n<\/div>\n<\/div>\n\t\t\t\t\t\t<\/div>\n\t\t\t\t<\/div>\n\t\t\t\t\t<\/div>\n\t\t\t\t<\/div>\n\t\t<div class=\"elementor-element elementor-element-897630e e-flex e-con-boxed e-con e-parent\" data-id=\"897630e\" data-element_type=\"container\">\n\t\t\t\t\t<div class=\"e-con-inner\">\n\t\t\t\t<div class=\"elementor-element elementor-element-340e154 elementor-widget elementor-widget-text-editor\" data-id=\"340e154\" data-element_type=\"widget\" data-widget_type=\"text-editor.default\">\n\t\t\t\t<div class=\"elementor-widget-container\">\n\t\t\t\t\t\t\t\t\t<p><strong>Roots blower - <\/strong>21 types of blowers are currently available<\/p>\t\t\t\t\t\t\t\t<\/div>\n\t\t\t\t<\/div>\n\t\t\t\t\t<\/div>\n\t\t\t\t<\/div>\n\t\t<div class=\"elementor-element elementor-element-b492499 e-flex e-con-boxed e-con e-parent\" data-id=\"b492499\" data-element_type=\"container\">\n\t\t\t\t\t<div class=\"e-con-inner\">\n\t\t\t\t<div class=\"elementor-element elementor-element-279d28e elementor-widget elementor-widget-image\" data-id=\"279d28e\" data-element_type=\"widget\" data-widget_type=\"image.default\">\n\t\t\t\t<div class=\"elementor-widget-container\">\n\t\t\t\t\t\t\t\t\t\t\t\t\t\t\t<img fetchpriority=\"high\" decoding=\"async\" width=\"600\" height=\"516\" src=\"https:\/\/www.marani.pl\/wp-content\/uploads\/2024\/01\/dmuchawy-roots.png\" class=\"attachment-large size-large wp-image-1002\" alt=\"Dmuchawa Roots\" srcset=\"https:\/\/www.marani.pl\/wp-content\/uploads\/2024\/01\/dmuchawy-roots.png 600w, https:\/\/www.marani.pl\/wp-content\/uploads\/2024\/01\/dmuchawy-roots-300x258.png 300w\" sizes=\"(max-width: 600px) 100vw, 600px\" \/>\t\t\t\t\t\t\t\t\t\t\t\t\t\t\t<\/div>\n\t\t\t\t<\/div>\n\t\t\t\t\t<\/div>\n\t\t\t\t<\/div>\n\t\t<div class=\"elementor-element elementor-element-ece96b6 e-flex e-con-boxed e-con e-parent\" data-id=\"ece96b6\" data-element_type=\"container\">\n\t\t\t\t\t<div class=\"e-con-inner\">\n\t\t<div class=\"elementor-element elementor-element-5c50647 e-con-full e-flex e-con e-child\" data-id=\"5c50647\" data-element_type=\"container\">\n\t\t<div class=\"elementor-element elementor-element-8e0d395 e-flex e-con-boxed e-con e-child\" data-id=\"8e0d395\" data-element_type=\"container\" data-settings=\"{&quot;background_background&quot;:&quot;classic&quot;}\">\n\t\t\t\t\t<div class=\"e-con-inner\">\n\t\t\t\t<div class=\"elementor-element elementor-element-818f497 elementor-widget elementor-widget-heading\" data-id=\"818f497\" data-element_type=\"widget\" data-widget_type=\"heading.default\">\n\t\t\t\t<div class=\"elementor-widget-container\">\n\t\t\t\t\t<h3 class=\"elementor-heading-title elementor-size-default\">Blower application:<\/h3>\t\t\t\t<\/div>\n\t\t\t\t<\/div>\n\t\t\t\t<div class=\"elementor-element elementor-element-e740b17 elementor-widget elementor-widget-text-editor\" data-id=\"e740b17\" data-element_type=\"widget\" data-widget_type=\"text-editor.default\">\n\t\t\t\t<div class=\"elementor-widget-container\">\n\t\t\t\t\t\t\t\t\t<p>- Air transport in process lines<br \/>- Transport and compression of non-explosive and non-hazardous gases<br \/>- Aeration of wastewater treatment plant tanks<br \/>- Cleaning of sand \ufb01lters for drinking water treatment<br \/>- Aeration of fish tanks and swimming pools<br \/>- Desulphurisation<br \/>- Transport and compression of explosive gases (ATEX standard)<\/p>\t\t\t\t\t\t\t\t<\/div>\n\t\t\t\t<\/div>\n\t\t\t\t\t<\/div>\n\t\t\t\t<\/div>\n\t\t<div class=\"elementor-element elementor-element-bcc3c52 e-flex e-con-boxed e-con e-child\" data-id=\"bcc3c52\" data-element_type=\"container\" data-settings=\"{&quot;background_background&quot;:&quot;classic&quot;}\">\n\t\t\t\t\t<div class=\"e-con-inner\">\n\t\t\t\t<div class=\"elementor-element elementor-element-59745ab elementor-widget elementor-widget-heading\" data-id=\"59745ab\" data-element_type=\"widget\" data-widget_type=\"heading.default\">\n\t\t\t\t<div class=\"elementor-widget-container\">\n\t\t\t\t\t<h3 class=\"elementor-heading-title elementor-size-default\">Main advantages of the roots blower:<\/h3>\t\t\t\t<\/div>\n\t\t\t\t<\/div>\n\t\t\t\t<div class=\"elementor-element elementor-element-e5acd40 elementor-widget elementor-widget-text-editor\" data-id=\"e5acd40\" data-element_type=\"widget\" data-widget_type=\"text-editor.default\">\n\t\t\t\t<div class=\"elementor-widget-container\">\n\t\t\t\t\t\t\t\t\t<p>The overall concept of the unit has been designed<br \/>with an emphasis on maximum reliability and functionality,<br \/>easy inspection, maintenance and accessibility to the individual components of the unit within the acoustic enclosure:<br \/>- Low operating costs<br \/>- User-friendly design<br \/>- Minimum construction area<br \/>- Low sound level<br \/>- No need for an additional fan<br \/>for cooling the acoustic casing<br \/>- Long service life<br \/>- Identical dimensions and connections as standard units<br \/>overpressures = cost reduction and production unification<br \/>- There is no need for additional<br \/>fan for cooling the acoustic cowl<br \/>- The transported medium is oil-free<\/p>\t\t\t\t\t\t\t\t<\/div>\n\t\t\t\t<\/div>\n\t\t\t\t\t<\/div>\n\t\t\t\t<\/div>\n\t\t\t\t<\/div>\n\t\t<div class=\"elementor-element elementor-element-befd921 e-con-full e-flex e-con e-child\" data-id=\"befd921\" data-element_type=\"container\">\n\t\t<div class=\"elementor-element elementor-element-884004c e-flex e-con-boxed e-con e-child\" data-id=\"884004c\" data-element_type=\"container\" data-settings=\"{&quot;background_background&quot;:&quot;classic&quot;}\">\n\t\t\t\t\t<div class=\"e-con-inner\">\n\t\t\t\t<div class=\"elementor-element elementor-element-31757f1 elementor-widget elementor-widget-heading\" data-id=\"31757f1\" data-element_type=\"widget\" data-widget_type=\"heading.default\">\n\t\t\t\t<div class=\"elementor-widget-container\">\n\t\t\t\t\t<h3 class=\"elementor-heading-title elementor-size-default\">Additional equipment:<\/h3>\t\t\t\t<\/div>\n\t\t\t\t<\/div>\n\t\t\t\t<div class=\"elementor-element elementor-element-5c33c9c elementor-widget elementor-widget-text-editor\" data-id=\"5c33c9c\" data-element_type=\"widget\" data-widget_type=\"text-editor.default\">\n\t\t\t\t<div class=\"elementor-widget-container\">\n\t\t\t\t\t\t\t\t\t<p>- Connection to external suction<br \/>- Frame allowing the unit to be transported vertically<br \/>- Customised monitoring possible<br \/>- Possibility to work with the transmitter<br \/>frequencies<br \/>- 400V, 500V, 6000V motors possible<br \/>(special engines)<\/p>\t\t\t\t\t\t\t\t<\/div>\n\t\t\t\t<\/div>\n\t\t\t\t\t<\/div>\n\t\t\t\t<\/div>\n\t\t<div class=\"elementor-element elementor-element-89d99fa e-flex e-con-boxed e-con e-child\" data-id=\"89d99fa\" data-element_type=\"container\" data-settings=\"{&quot;background_background&quot;:&quot;classic&quot;}\">\n\t\t\t\t\t<div class=\"e-con-inner\">\n\t\t\t\t<div class=\"elementor-element elementor-element-5ad6695 elementor-widget elementor-widget-heading\" data-id=\"5ad6695\" data-element_type=\"widget\" data-widget_type=\"heading.default\">\n\t\t\t\t<div class=\"elementor-widget-container\">\n\t\t\t\t\t<h3 class=\"elementor-heading-title elementor-size-default\">Scope of supply:<\/h3>\t\t\t\t<\/div>\n\t\t\t\t<\/div>\n\t\t\t\t<div class=\"elementor-element elementor-element-f7a9104 elementor-widget elementor-widget-text-editor\" data-id=\"f7a9104\" data-element_type=\"widget\" data-widget_type=\"text-editor.default\">\n\t\t\t\t<div class=\"elementor-widget-container\">\n\t\t\t\t\t\t\t\t\t<p>- <strong>Root's blower<\/strong><br \/>- Equipment frame<br \/>- Flexible vibration isolators<br \/>- Inlet silencer with \ufb01lter<br \/>- Exhaust silencer<br \/>- Safety valve or integrated valve<br \/>safety\/start-up<br \/>- Non-return valve<br \/>- Flexible connection at the outlet<br \/>- Electric motor<br \/>- V-belt drive with protective cover<br \/>- Oil<br \/>- Acoustic shield<\/p>\t\t\t\t\t\t\t\t<\/div>\n\t\t\t\t<\/div>\n\t\t\t\t\t<\/div>\n\t\t\t\t<\/div>\n\t\t\t\t<\/div>\n\t\t\t\t\t<\/div>\n\t\t\t\t<\/div>\n\t\t\t\t<\/div>","protected":false},"excerpt":{"rendered":"<p>Roots blower - 21 types of blower currently available Blower applications: - Transport of air in process lines- Transport and compression [...].<\/p>","protected":false},"author":1,"featured_media":0,"parent":140,"menu_order":0,"comment_status":"closed","ping_status":"closed","template":"","meta":{"site-sidebar-layout":"no-sidebar","site-content-layout":"","ast-site-content-layout":"full-width-container","site-content-style":"default","site-sidebar-style":"default","ast-global-header-display":"","ast-banner-title-visibility":"","ast-main-header-display":"","ast-hfb-above-header-display":"","ast-hfb-below-header-display":"","ast-hfb-mobile-header-display":"","site-post-title":"disabled","ast-breadcrumbs-content":"","ast-featured-img":"disabled","footer-sml-layout":"","theme-transparent-header-meta":"","adv-header-id-meta":"","stick-header-meta":"","header-above-stick-meta":"","header-main-stick-meta":"","header-below-stick-meta":"","astra-migrate-meta-layouts":"default","ast-page-background-enabled":"default","ast-page-background-meta":{"desktop":{"background-color":"var(--ast-global-color-4)","background-image":"","background-repeat":"repeat","background-position":"center center","background-size":"auto","background-attachment":"scroll","background-type":"","background-media":"","overlay-type":"","overlay-color":"","overlay-gradient":""},"tablet":{"background-color":"","background-image":"","background-repeat":"repeat","background-position":"center center","background-size":"auto","background-attachment":"scroll","background-type":"","background-media":"","overlay-type":"","overlay-color":"","overlay-gradient":""},"mobile":{"background-color":"","background-image":"","background-repeat":"repeat","background-position":"center center","background-size":"auto","background-attachment":"scroll","background-type":"","background-media":"","overlay-type":"","overlay-color":"","overlay-gradient":""}},"ast-content-background-meta":{"desktop":{"background-color":"var(--ast-global-color-5)","background-image":"","background-repeat":"repeat","background-position":"center center","background-size":"auto","background-attachment":"scroll","background-type":"","background-media":"","overlay-type":"","overlay-color":"","overlay-gradient":""},"tablet":{"background-color":"var(--ast-global-color-5)","background-image":"","background-repeat":"repeat","background-position":"center center","background-size":"auto","background-attachment":"scroll","background-type":"","background-media":"","overlay-type":"","overlay-color":"","overlay-gradient":""},"mobile":{"background-color":"var(--ast-global-color-5)","background-image":"","background-repeat":"repeat","background-position":"center center","background-size":"auto","background-attachment":"scroll","background-type":"","background-media":"","overlay-type":"","overlay-color":"","overlay-gradient":""}},"footnotes":""},"class_list":["post-1000","page","type-page","status-publish","hentry"],"yoast_head":"<!-- This site is optimized with the Yoast SEO plugin v26.7 - https:\/\/yoast.com\/wordpress\/plugins\/seo\/ -->\n<title>Dmuchawa Roots - Dmuchawy Roots&#039;a<\/title>\n<meta name=\"description\" content=\"Dmuchawa Roots w 21 dost\u0119pnych typach w naszej firmie z dodatkowymi elementami jak ramy, wibroizolatory, t\u0142umiki i os\u0142on\u0105 akustyczn\u0105.\" \/>\n<meta name=\"robots\" content=\"index, follow, max-snippet:-1, max-image-preview:large, max-video-preview:-1\" \/>\n<link rel=\"canonical\" href=\"https:\/\/www.marani.pl\/en\/produkty\/dmuchawy-rootsa\/\" \/>\n<meta property=\"og:locale\" content=\"en_GB\" \/>\n<meta property=\"og:type\" content=\"article\" \/>\n<meta property=\"og:title\" content=\"Dmuchawa Roots - Dmuchawy Roots&#039;a\" \/>\n<meta property=\"og:description\" content=\"Dmuchawa Roots w 21 dost\u0119pnych typach w naszej firmie z dodatkowymi elementami jak ramy, wibroizolatory, t\u0142umiki i os\u0142on\u0105 akustyczn\u0105.\" \/>\n<meta property=\"og:url\" content=\"https:\/\/www.marani.pl\/en\/produkty\/dmuchawy-rootsa\/\" \/>\n<meta property=\"article:publisher\" content=\"https:\/\/www.facebook.com\/MaraniCompressedAir\" \/>\n<meta property=\"article:modified_time\" content=\"2025-03-23T15:31:29+00:00\" \/>\n<meta property=\"og:image\" content=\"https:\/\/www.marani.pl\/wp-content\/uploads\/2024\/01\/dmuchawy-roots.png\" \/>\n<script type=\"application\/ld+json\" class=\"yoast-schema-graph\">{\"@context\":\"https:\/\/schema.org\",\"@graph\":[{\"@type\":\"WebPage\",\"@id\":\"https:\/\/www.marani.pl\/produkty\/dmuchawy-rootsa\/\",\"url\":\"https:\/\/www.marani.pl\/produkty\/dmuchawy-rootsa\/\",\"name\":\"Dmuchawa Roots - Dmuchawy Roots'a\",\"isPartOf\":{\"@id\":\"https:\/\/www.marani.pl\/#website\"},\"primaryImageOfPage\":{\"@id\":\"https:\/\/www.marani.pl\/produkty\/dmuchawy-rootsa\/#primaryimage\"},\"image\":{\"@id\":\"https:\/\/www.marani.pl\/produkty\/dmuchawy-rootsa\/#primaryimage\"},\"thumbnailUrl\":\"https:\/\/www.marani.pl\/wp-content\/uploads\/2024\/01\/dmuchawy-roots.png\",\"datePublished\":\"2024-01-23T11:15:08+00:00\",\"dateModified\":\"2025-03-23T15:31:29+00:00\",\"description\":\"Dmuchawa Roots w 21 dost\u0119pnych typach w naszej firmie z dodatkowymi elementami jak ramy, wibroizolatory, t\u0142umiki i os\u0142on\u0105 akustyczn\u0105.\",\"breadcrumb\":{\"@id\":\"https:\/\/www.marani.pl\/produkty\/dmuchawy-rootsa\/#breadcrumb\"},\"inLanguage\":\"en-GB\",\"potentialAction\":[{\"@type\":\"ReadAction\",\"target\":[\"https:\/\/www.marani.pl\/produkty\/dmuchawy-rootsa\/\"]}]},{\"@type\":\"ImageObject\",\"inLanguage\":\"en-GB\",\"@id\":\"https:\/\/www.marani.pl\/produkty\/dmuchawy-rootsa\/#primaryimage\",\"url\":\"https:\/\/www.marani.pl\/wp-content\/uploads\/2024\/01\/dmuchawy-roots.png\",\"contentUrl\":\"https:\/\/www.marani.pl\/wp-content\/uploads\/2024\/01\/dmuchawy-roots.png\"},{\"@type\":\"BreadcrumbList\",\"@id\":\"https:\/\/www.marani.pl\/produkty\/dmuchawy-rootsa\/#breadcrumb\",\"itemListElement\":[{\"@type\":\"ListItem\",\"position\":1,\"name\":\"Strona g\u0142\u00f3wna\",\"item\":\"https:\/\/www.marani.pl\/\"},{\"@type\":\"ListItem\",\"position\":2,\"name\":\"Produkty\",\"item\":\"https:\/\/www.marani.pl\/produkty\/\"},{\"@type\":\"ListItem\",\"position\":3,\"name\":\"Dmuchawy ROOTS\"}]},{\"@type\":\"WebSite\",\"@id\":\"https:\/\/www.marani.pl\/#website\",\"url\":\"https:\/\/www.marani.pl\/\",\"name\":\"\",\"description\":\"\",\"publisher\":{\"@id\":\"https:\/\/www.marani.pl\/#organization\"},\"potentialAction\":[{\"@type\":\"SearchAction\",\"target\":{\"@type\":\"EntryPoint\",\"urlTemplate\":\"https:\/\/www.marani.pl\/?s={search_term_string}\"},\"query-input\":{\"@type\":\"PropertyValueSpecification\",\"valueRequired\":true,\"valueName\":\"search_term_string\"}}],\"inLanguage\":\"en-GB\"},{\"@type\":\"Organization\",\"@id\":\"https:\/\/www.marani.pl\/#organization\",\"name\":\"Marani Sp. z o.o.\",\"url\":\"https:\/\/www.marani.pl\/\",\"logo\":{\"@type\":\"ImageObject\",\"inLanguage\":\"en-GB\",\"@id\":\"https:\/\/www.marani.pl\/#\/schema\/logo\/image\/\",\"url\":\"https:\/\/www.marani.pl\/wp-content\/uploads\/2024\/01\/mm4-1-1.jpg\",\"contentUrl\":\"https:\/\/www.marani.pl\/wp-content\/uploads\/2024\/01\/mm4-1-1.jpg\",\"width\":1200,\"height\":897,\"caption\":\"Marani Sp. z o.o.\"},\"image\":{\"@id\":\"https:\/\/www.marani.pl\/#\/schema\/logo\/image\/\"},\"sameAs\":[\"https:\/\/www.facebook.com\/MaraniCompressedAir\"]}]}<\/script>\n<!-- \/ Yoast SEO plugin. -->","yoast_head_json":{"title":"Dmuchawa Roots - Dmuchawy Roots'a","description":"Dmuchawa Roots w 21 dost\u0119pnych typach w naszej firmie z dodatkowymi elementami jak ramy, wibroizolatory, t\u0142umiki i os\u0142on\u0105 akustyczn\u0105.","robots":{"index":"index","follow":"follow","max-snippet":"max-snippet:-1","max-image-preview":"max-image-preview:large","max-video-preview":"max-video-preview:-1"},"canonical":"https:\/\/www.marani.pl\/en\/produkty\/dmuchawy-rootsa\/","og_locale":"en_GB","og_type":"article","og_title":"Dmuchawa Roots - Dmuchawy Roots'a","og_description":"Dmuchawa Roots w 21 dost\u0119pnych typach w naszej firmie z dodatkowymi elementami jak ramy, wibroizolatory, t\u0142umiki i os\u0142on\u0105 akustyczn\u0105.","og_url":"https:\/\/www.marani.pl\/en\/produkty\/dmuchawy-rootsa\/","article_publisher":"https:\/\/www.facebook.com\/MaraniCompressedAir","article_modified_time":"2025-03-23T15:31:29+00:00","og_image":[{"url":"https:\/\/www.marani.pl\/wp-content\/uploads\/2024\/01\/dmuchawy-roots.png","type":"","width":"","height":""}],"schema":{"@context":"https:\/\/schema.org","@graph":[{"@type":"WebPage","@id":"https:\/\/www.marani.pl\/produkty\/dmuchawy-rootsa\/","url":"https:\/\/www.marani.pl\/produkty\/dmuchawy-rootsa\/","name":"Dmuchawa Roots - Dmuchawy Roots'a","isPartOf":{"@id":"https:\/\/www.marani.pl\/#website"},"primaryImageOfPage":{"@id":"https:\/\/www.marani.pl\/produkty\/dmuchawy-rootsa\/#primaryimage"},"image":{"@id":"https:\/\/www.marani.pl\/produkty\/dmuchawy-rootsa\/#primaryimage"},"thumbnailUrl":"https:\/\/www.marani.pl\/wp-content\/uploads\/2024\/01\/dmuchawy-roots.png","datePublished":"2024-01-23T11:15:08+00:00","dateModified":"2025-03-23T15:31:29+00:00","description":"Dmuchawa Roots w 21 dost\u0119pnych typach w naszej firmie z dodatkowymi elementami jak ramy, wibroizolatory, t\u0142umiki i os\u0142on\u0105 akustyczn\u0105.","breadcrumb":{"@id":"https:\/\/www.marani.pl\/produkty\/dmuchawy-rootsa\/#breadcrumb"},"inLanguage":"en-GB","potentialAction":[{"@type":"ReadAction","target":["https:\/\/www.marani.pl\/produkty\/dmuchawy-rootsa\/"]}]},{"@type":"ImageObject","inLanguage":"en-GB","@id":"https:\/\/www.marani.pl\/produkty\/dmuchawy-rootsa\/#primaryimage","url":"https:\/\/www.marani.pl\/wp-content\/uploads\/2024\/01\/dmuchawy-roots.png","contentUrl":"https:\/\/www.marani.pl\/wp-content\/uploads\/2024\/01\/dmuchawy-roots.png"},{"@type":"BreadcrumbList","@id":"https:\/\/www.marani.pl\/produkty\/dmuchawy-rootsa\/#breadcrumb","itemListElement":[{"@type":"ListItem","position":1,"name":"Strona g\u0142\u00f3wna","item":"https:\/\/www.marani.pl\/"},{"@type":"ListItem","position":2,"name":"Produkty","item":"https:\/\/www.marani.pl\/produkty\/"},{"@type":"ListItem","position":3,"name":"Dmuchawy ROOTS"}]},{"@type":"WebSite","@id":"https:\/\/www.marani.pl\/#website","url":"https:\/\/www.marani.pl\/","name":"","description":"","publisher":{"@id":"https:\/\/www.marani.pl\/#organization"},"potentialAction":[{"@type":"SearchAction","target":{"@type":"EntryPoint","urlTemplate":"https:\/\/www.marani.pl\/?s={search_term_string}"},"query-input":{"@type":"PropertyValueSpecification","valueRequired":true,"valueName":"search_term_string"}}],"inLanguage":"en-GB"},{"@type":"Organization","@id":"https:\/\/www.marani.pl\/#organization","name":"Marani Sp. z o.o.","url":"https:\/\/www.marani.pl\/","logo":{"@type":"ImageObject","inLanguage":"en-GB","@id":"https:\/\/www.marani.pl\/#\/schema\/logo\/image\/","url":"https:\/\/www.marani.pl\/wp-content\/uploads\/2024\/01\/mm4-1-1.jpg","contentUrl":"https:\/\/www.marani.pl\/wp-content\/uploads\/2024\/01\/mm4-1-1.jpg","width":1200,"height":897,"caption":"Marani Sp. z o.o."},"image":{"@id":"https:\/\/www.marani.pl\/#\/schema\/logo\/image\/"},"sameAs":["https:\/\/www.facebook.com\/MaraniCompressedAir"]}]}},"_links":{"self":[{"href":"https:\/\/www.marani.pl\/en\/wp-json\/wp\/v2\/pages\/1000","targetHints":{"allow":["GET"]}}],"collection":[{"href":"https:\/\/www.marani.pl\/en\/wp-json\/wp\/v2\/pages"}],"about":[{"href":"https:\/\/www.marani.pl\/en\/wp-json\/wp\/v2\/types\/page"}],"author":[{"embeddable":true,"href":"https:\/\/www.marani.pl\/en\/wp-json\/wp\/v2\/users\/1"}],"replies":[{"embeddable":true,"href":"https:\/\/www.marani.pl\/en\/wp-json\/wp\/v2\/comments?post=1000"}],"version-history":[{"count":8,"href":"https:\/\/www.marani.pl\/en\/wp-json\/wp\/v2\/pages\/1000\/revisions"}],"predecessor-version":[{"id":3185,"href":"https:\/\/www.marani.pl\/en\/wp-json\/wp\/v2\/pages\/1000\/revisions\/3185"}],"up":[{"embeddable":true,"href":"https:\/\/www.marani.pl\/en\/wp-json\/wp\/v2\/pages\/140"}],"wp:attachment":[{"href":"https:\/\/www.marani.pl\/en\/wp-json\/wp\/v2\/media?parent=1000"}],"curies":[{"name":"wp","href":"https:\/\/api.w.org\/{rel}","templated":true}]}}