{"id":1007,"date":"2024-01-23T12:21:20","date_gmt":"2024-01-23T11:21:20","guid":{"rendered":"https:\/\/pl.marani.pl\/?page_id=1007"},"modified":"2025-06-30T18:51:25","modified_gmt":"2025-06-30T16:51:25","slug":"dmuchawy-prozniowe","status":"publish","type":"page","link":"https:\/\/www.marani.pl\/en\/produkty\/dmuchawy-prozniowe\/","title":{"rendered":"Vacuum blowers"},"content":{"rendered":"<div data-elementor-type=\"wp-page\" data-elementor-id=\"1007\" class=\"elementor elementor-1007\" data-elementor-post-type=\"page\">\n\t\t\t\t<div class=\"elementor-element elementor-element-56096bc e-flex e-con-boxed e-con e-parent\" data-id=\"56096bc\" data-element_type=\"container\" data-settings=\"{&quot;background_background&quot;:&quot;classic&quot;}\">\n\t\t\t\t\t<div class=\"e-con-inner\">\n\t\t\t\t\t<\/div>\n\t\t\t\t<\/div>\n\t\t<div class=\"elementor-element elementor-element-c254913 e-flex e-con-boxed e-con e-parent\" data-id=\"c254913\" data-element_type=\"container\">\n\t\t\t\t\t<div class=\"e-con-inner\">\n\t\t\t\t<div class=\"elementor-element elementor-element-0711dd7 elementor-widget elementor-widget-shortcode\" data-id=\"0711dd7\" data-element_type=\"widget\" data-widget_type=\"shortcode.default\">\n\t\t\t\t<div class=\"elementor-widget-container\">\n\t\t\t\t\t\t\t<div class=\"elementor-shortcode\">\t\n<div id=\"breadcrumbs\">\n\t<p id=\"breadcrumbs\"><span><span><a href=\"https:\/\/www.marani.pl\/en\/\">Home<\/a><\/span><\/span><\/p>\t<h2>Vacuum blowers<\/h2>\t\n<\/div>\n<\/div>\n\t\t\t\t\t\t<\/div>\n\t\t\t\t<\/div>\n\t\t\t\t<div class=\"elementor-element elementor-element-9865cad elementor-widget elementor-widget-text-editor\" data-id=\"9865cad\" data-element_type=\"widget\" data-widget_type=\"text-editor.default\">\n\t\t\t\t<div class=\"elementor-widget-container\">\n\t\t\t\t\t\t\t\t\t<p><strong>Vacuum blower<\/strong>reliability, functionality and low operating costs.<br \/>Our blowers also feature low noise levels and easy maintenance.<\/p>\t\t\t\t\t\t\t\t<\/div>\n\t\t\t\t<\/div>\n\t\t\t\t\t<\/div>\n\t\t\t\t<\/div>\n\t\t<div class=\"elementor-element elementor-element-b492499 e-flex e-con-boxed e-con e-parent\" data-id=\"b492499\" data-element_type=\"container\">\n\t\t\t\t\t<div class=\"e-con-inner\">\n\t\t\t\t<div class=\"elementor-element elementor-element-279d28e elementor-widget elementor-widget-image\" data-id=\"279d28e\" data-element_type=\"widget\" data-widget_type=\"image.default\">\n\t\t\t\t<div class=\"elementor-widget-container\">\n\t\t\t\t\t\t\t\t\t\t\t\t\t\t\t<img fetchpriority=\"high\" decoding=\"async\" width=\"600\" height=\"516\" src=\"https:\/\/www.marani.pl\/wp-content\/uploads\/2024\/01\/dmuchawy-prozniowe.png\" class=\"attachment-large size-large wp-image-1009\" alt=\"Dmuchawa pr\u00f3\u017cniowa\" srcset=\"https:\/\/www.marani.pl\/wp-content\/uploads\/2024\/01\/dmuchawy-prozniowe.png 600w, https:\/\/www.marani.pl\/wp-content\/uploads\/2024\/01\/dmuchawy-prozniowe-300x258.png 300w\" sizes=\"(max-width: 600px) 100vw, 600px\" \/>\t\t\t\t\t\t\t\t\t\t\t\t\t\t\t<\/div>\n\t\t\t\t<\/div>\n\t\t\t\t\t<\/div>\n\t\t\t\t<\/div>\n\t\t<div class=\"elementor-element elementor-element-ece96b6 e-flex e-con-boxed e-con e-parent\" data-id=\"ece96b6\" data-element_type=\"container\">\n\t\t\t\t\t<div class=\"e-con-inner\">\n\t\t<div class=\"elementor-element elementor-element-5c50647 e-con-full e-flex e-con e-child\" data-id=\"5c50647\" data-element_type=\"container\">\n\t\t<div class=\"elementor-element elementor-element-8e0d395 e-flex e-con-boxed e-con e-child\" data-id=\"8e0d395\" data-element_type=\"container\" data-settings=\"{&quot;background_background&quot;:&quot;classic&quot;}\">\n\t\t\t\t\t<div class=\"e-con-inner\">\n\t\t\t\t<div class=\"elementor-element elementor-element-818f497 elementor-widget elementor-widget-heading\" data-id=\"818f497\" data-element_type=\"widget\" data-widget_type=\"heading.default\">\n\t\t\t\t<div class=\"elementor-widget-container\">\n\t\t\t\t\t<h4 class=\"elementor-heading-title elementor-size-default\">Application:<\/h4>\t\t\t\t<\/div>\n\t\t\t\t<\/div>\n\t\t\t\t<div class=\"elementor-element elementor-element-e740b17 elementor-widget elementor-widget-text-editor\" data-id=\"e740b17\" data-element_type=\"widget\" data-widget_type=\"text-editor.default\">\n\t\t\t\t<div class=\"elementor-widget-container\">\n\t\t\t\t\t\t\t\t\t<p>- Pneumatic transport<br \/>- Transport and compression of non-explosive and non-hazardous gases<br \/>- Industrial central hoovers<br \/>- Sanitary installations<\/p>\t\t\t\t\t\t\t\t<\/div>\n\t\t\t\t<\/div>\n\t\t\t\t\t<\/div>\n\t\t\t\t<\/div>\n\t\t<div class=\"elementor-element elementor-element-bcc3c52 e-flex e-con-boxed e-con e-child\" data-id=\"bcc3c52\" data-element_type=\"container\" data-settings=\"{&quot;background_background&quot;:&quot;classic&quot;}\">\n\t\t\t\t\t<div class=\"e-con-inner\">\n\t\t\t\t<div class=\"elementor-element elementor-element-59745ab elementor-widget elementor-widget-heading\" data-id=\"59745ab\" data-element_type=\"widget\" data-widget_type=\"heading.default\">\n\t\t\t\t<div class=\"elementor-widget-container\">\n\t\t\t\t\t<h4 class=\"elementor-heading-title elementor-size-default\">Key benefits:<\/h4>\t\t\t\t<\/div>\n\t\t\t\t<\/div>\n\t\t\t\t<div class=\"elementor-element elementor-element-e5acd40 elementor-widget elementor-widget-text-editor\" data-id=\"e5acd40\" data-element_type=\"widget\" data-widget_type=\"text-editor.default\">\n\t\t\t\t<div class=\"elementor-widget-container\">\n\t\t\t\t\t\t\t\t\t<p>The overall concept of the unit has been designed<br \/>with an emphasis on maximum reliability and functionality,<br \/>easy checking, maintenance and accessibility to individual<br \/>acoustically shielded components:<br \/>- Low operating costs<br \/>- User-friendly design<br \/>- Minimum construction area<br \/>- Low sound level<br \/>- Long service life<br \/>- Identical dimensions and connections as standard units<br \/>overpressures = cost reduction and production unification<br \/>- The transported medium is oil-free<\/p>\t\t\t\t\t\t\t\t<\/div>\n\t\t\t\t<\/div>\n\t\t\t\t\t<\/div>\n\t\t\t\t<\/div>\n\t\t\t\t<\/div>\n\t\t<div class=\"elementor-element elementor-element-befd921 e-con-full e-flex e-con e-child\" data-id=\"befd921\" data-element_type=\"container\">\n\t\t<div class=\"elementor-element elementor-element-884004c e-flex e-con-boxed e-con e-child\" data-id=\"884004c\" data-element_type=\"container\" data-settings=\"{&quot;background_background&quot;:&quot;classic&quot;}\">\n\t\t\t\t\t<div class=\"e-con-inner\">\n\t\t\t\t<div class=\"elementor-element elementor-element-31757f1 elementor-widget elementor-widget-heading\" data-id=\"31757f1\" data-element_type=\"widget\" data-widget_type=\"heading.default\">\n\t\t\t\t<div class=\"elementor-widget-container\">\n\t\t\t\t\t<h4 class=\"elementor-heading-title elementor-size-default\">Additional equipment:<\/h4>\t\t\t\t<\/div>\n\t\t\t\t<\/div>\n\t\t\t\t<div class=\"elementor-element elementor-element-5c33c9c elementor-widget elementor-widget-text-editor\" data-id=\"5c33c9c\" data-element_type=\"widget\" data-widget_type=\"text-editor.default\">\n\t\t\t\t<div class=\"elementor-widget-container\">\n\t\t\t\t\t\t\t\t\t<p>- Frame allowing the unit to be transported vertically<br \/>- Customised monitoring possible<br \/>- Possibility to operate the device with a frequency converter<br \/>- 400V, 500V, 6000V motors possible<br \/>(special engines)<\/p>\t\t\t\t\t\t\t\t<\/div>\n\t\t\t\t<\/div>\n\t\t\t\t\t<\/div>\n\t\t\t\t<\/div>\n\t\t<div class=\"elementor-element elementor-element-89d99fa e-flex e-con-boxed e-con e-child\" data-id=\"89d99fa\" data-element_type=\"container\" data-settings=\"{&quot;background_background&quot;:&quot;classic&quot;}\">\n\t\t\t\t\t<div class=\"e-con-inner\">\n\t\t\t\t<div class=\"elementor-element elementor-element-5ad6695 elementor-widget elementor-widget-heading\" data-id=\"5ad6695\" data-element_type=\"widget\" data-widget_type=\"heading.default\">\n\t\t\t\t<div class=\"elementor-widget-container\">\n\t\t\t\t\t<h4 class=\"elementor-heading-title elementor-size-default\">Scope of supply:<\/h4>\t\t\t\t<\/div>\n\t\t\t\t<\/div>\n\t\t\t\t<div class=\"elementor-element elementor-element-f7a9104 elementor-widget elementor-widget-text-editor\" data-id=\"f7a9104\" data-element_type=\"widget\" data-widget_type=\"text-editor.default\">\n\t\t\t\t<div class=\"elementor-widget-container\">\n\t\t\t\t\t\t\t\t\t<p>- <strong>Vacuum blower<\/strong> ROOT's \/ Blower<br \/>vacuum ROOT's with pre-cooling<br \/>- Equipment frame<br \/>- Flexible vibration isolators<br \/>- Vacuum relief valve<br \/>- Flexible connection at the inlet<br \/>- Intake silencer with filter<br \/>- Exhaust silencer<br \/>- Flexible connection to the socket<br \/>- Electric motor<br \/>- V-belt drive with protective cover<br \/>- Oil<br \/>- Acoustic shield<\/p>\t\t\t\t\t\t\t\t<\/div>\n\t\t\t\t<\/div>\n\t\t\t\t\t<\/div>\n\t\t\t\t<\/div>\n\t\t\t\t<\/div>\n\t\t\t\t\t<\/div>\n\t\t\t\t<\/div>\n\t\t<div class=\"elementor-element elementor-element-eb36dbe e-flex e-con-boxed e-con e-parent\" data-id=\"eb36dbe\" data-element_type=\"container\">\n\t\t\t\t\t<div class=\"e-con-inner\">\n\t\t\t\t<div class=\"elementor-element elementor-element-241ff57 elementor-widget elementor-widget-text-editor\" data-id=\"241ff57\" data-element_type=\"widget\" data-widget_type=\"text-editor.default\">\n\t\t\t\t<div class=\"elementor-widget-container\">\n\t\t\t\t\t\t\t\t\t<p>You are cordially invited to <a href=\"https:\/\/www.marani.pl\/en\/kontakt\/\">contact<\/a><\/p>\t\t\t\t\t\t\t\t<\/div>\n\t\t\t\t<\/div>\n\t\t\t\t\t<\/div>\n\t\t\t\t<\/div>\n\t\t\t\t<\/div>","protected":false},"excerpt":{"rendered":"<p>Vacuum blower, means reliability, functionality and low operating cost.Our blowers also feature low noise levels and easy maintenance. Application: - [...]<\/p>","protected":false},"author":1,"featured_media":0,"parent":140,"menu_order":0,"comment_status":"closed","ping_status":"closed","template":"","meta":{"site-sidebar-layout":"no-sidebar","site-content-layout":"","ast-site-content-layout":"full-width-container","site-content-style":"default","site-sidebar-style":"default","ast-global-header-display":"","ast-banner-title-visibility":"","ast-main-header-display":"","ast-hfb-above-header-display":"","ast-hfb-below-header-display":"","ast-hfb-mobile-header-display":"","site-post-title":"disabled","ast-breadcrumbs-content":"","ast-featured-img":"disabled","footer-sml-layout":"","theme-transparent-header-meta":"","adv-header-id-meta":"","stick-header-meta":"","header-above-stick-meta":"","header-main-stick-meta":"","header-below-stick-meta":"","astra-migrate-meta-layouts":"default","ast-page-background-enabled":"default","ast-page-background-meta":{"desktop":{"background-color":"var(--ast-global-color-4)","background-image":"","background-repeat":"repeat","background-position":"center center","background-size":"auto","background-attachment":"scroll","background-type":"","background-media":"","overlay-type":"","overlay-color":"","overlay-gradient":""},"tablet":{"background-color":"","background-image":"","background-repeat":"repeat","background-position":"center center","background-size":"auto","background-attachment":"scroll","background-type":"","background-media":"","overlay-type":"","overlay-color":"","overlay-gradient":""},"mobile":{"background-color":"","background-image":"","background-repeat":"repeat","background-position":"center center","background-size":"auto","background-attachment":"scroll","background-type":"","background-media":"","overlay-type":"","overlay-color":"","overlay-gradient":""}},"ast-content-background-meta":{"desktop":{"background-color":"var(--ast-global-color-5)","background-image":"","background-repeat":"repeat","background-position":"center center","background-size":"auto","background-attachment":"scroll","background-type":"","background-media":"","overlay-type":"","overlay-color":"","overlay-gradient":""},"tablet":{"background-color":"var(--ast-global-color-5)","background-image":"","background-repeat":"repeat","background-position":"center center","background-size":"auto","background-attachment":"scroll","background-type":"","background-media":"","overlay-type":"","overlay-color":"","overlay-gradient":""},"mobile":{"background-color":"var(--ast-global-color-5)","background-image":"","background-repeat":"repeat","background-position":"center center","background-size":"auto","background-attachment":"scroll","background-type":"","background-media":"","overlay-type":"","overlay-color":"","overlay-gradient":""}},"footnotes":""},"class_list":["post-1007","page","type-page","status-publish","hentry"],"yoast_head":"<!-- This site is optimized with the Yoast SEO plugin v26.7 - https:\/\/yoast.com\/wordpress\/plugins\/seo\/ -->\n<title>Dmuchawa pr\u00f3\u017cniowa - Dmuchawy pr\u00f3\u017cniowe<\/title>\n<meta name=\"description\" content=\"Dmuchawa pr\u00f3\u017cniowa z u\u017cyciem w transporcie i do instalacji sanitarnych. Dmuchawy pr\u00f3\u017cniowe, to niski koszt eksploatacji i d\u0142uga \u017cywotno\u015b\u0107\" \/>\n<meta name=\"robots\" content=\"index, follow, max-snippet:-1, max-image-preview:large, max-video-preview:-1\" \/>\n<link rel=\"canonical\" href=\"https:\/\/www.marani.pl\/en\/produkty\/dmuchawy-prozniowe\/\" \/>\n<meta property=\"og:locale\" content=\"en_GB\" \/>\n<meta property=\"og:type\" content=\"article\" \/>\n<meta property=\"og:title\" content=\"Dmuchawa pr\u00f3\u017cniowa - Dmuchawy pr\u00f3\u017cniowe\" \/>\n<meta property=\"og:description\" content=\"Dmuchawa pr\u00f3\u017cniowa z u\u017cyciem w transporcie i do instalacji sanitarnych. Dmuchawy pr\u00f3\u017cniowe, to niski koszt eksploatacji i d\u0142uga \u017cywotno\u015b\u0107\" \/>\n<meta property=\"og:url\" content=\"https:\/\/www.marani.pl\/en\/produkty\/dmuchawy-prozniowe\/\" \/>\n<meta property=\"article:publisher\" content=\"https:\/\/www.facebook.com\/MaraniCompressedAir\" \/>\n<meta property=\"article:modified_time\" content=\"2025-06-30T16:51:25+00:00\" \/>\n<meta property=\"og:image\" content=\"https:\/\/www.marani.pl\/wp-content\/uploads\/2024\/01\/dmuchawy-prozniowe.png\" \/>\n<script type=\"application\/ld+json\" class=\"yoast-schema-graph\">{\"@context\":\"https:\/\/schema.org\",\"@graph\":[{\"@type\":\"WebPage\",\"@id\":\"https:\/\/www.marani.pl\/produkty\/dmuchawy-prozniowe\/\",\"url\":\"https:\/\/www.marani.pl\/produkty\/dmuchawy-prozniowe\/\",\"name\":\"Dmuchawa pr\u00f3\u017cniowa - Dmuchawy pr\u00f3\u017cniowe\",\"isPartOf\":{\"@id\":\"https:\/\/www.marani.pl\/#website\"},\"primaryImageOfPage\":{\"@id\":\"https:\/\/www.marani.pl\/produkty\/dmuchawy-prozniowe\/#primaryimage\"},\"image\":{\"@id\":\"https:\/\/www.marani.pl\/produkty\/dmuchawy-prozniowe\/#primaryimage\"},\"thumbnailUrl\":\"https:\/\/www.marani.pl\/wp-content\/uploads\/2024\/01\/dmuchawy-prozniowe.png\",\"datePublished\":\"2024-01-23T11:21:20+00:00\",\"dateModified\":\"2025-06-30T16:51:25+00:00\",\"description\":\"Dmuchawa pr\u00f3\u017cniowa z u\u017cyciem w transporcie i do instalacji sanitarnych. Dmuchawy pr\u00f3\u017cniowe, to niski koszt eksploatacji i d\u0142uga \u017cywotno\u015b\u0107\",\"breadcrumb\":{\"@id\":\"https:\/\/www.marani.pl\/produkty\/dmuchawy-prozniowe\/#breadcrumb\"},\"inLanguage\":\"en-GB\",\"potentialAction\":[{\"@type\":\"ReadAction\",\"target\":[\"https:\/\/www.marani.pl\/produkty\/dmuchawy-prozniowe\/\"]}]},{\"@type\":\"ImageObject\",\"inLanguage\":\"en-GB\",\"@id\":\"https:\/\/www.marani.pl\/produkty\/dmuchawy-prozniowe\/#primaryimage\",\"url\":\"https:\/\/www.marani.pl\/wp-content\/uploads\/2024\/01\/dmuchawy-prozniowe.png\",\"contentUrl\":\"https:\/\/www.marani.pl\/wp-content\/uploads\/2024\/01\/dmuchawy-prozniowe.png\"},{\"@type\":\"BreadcrumbList\",\"@id\":\"https:\/\/www.marani.pl\/produkty\/dmuchawy-prozniowe\/#breadcrumb\",\"itemListElement\":[{\"@type\":\"ListItem\",\"position\":1,\"name\":\"Strona g\u0142\u00f3wna\",\"item\":\"https:\/\/www.marani.pl\/\"},{\"@type\":\"ListItem\",\"position\":2,\"name\":\"Produkty\",\"item\":\"https:\/\/www.marani.pl\/produkty\/\"},{\"@type\":\"ListItem\",\"position\":3,\"name\":\"Dmuchawy pr\u00f3\u017cniowe\"}]},{\"@type\":\"WebSite\",\"@id\":\"https:\/\/www.marani.pl\/#website\",\"url\":\"https:\/\/www.marani.pl\/\",\"name\":\"\",\"description\":\"\",\"publisher\":{\"@id\":\"https:\/\/www.marani.pl\/#organization\"},\"potentialAction\":[{\"@type\":\"SearchAction\",\"target\":{\"@type\":\"EntryPoint\",\"urlTemplate\":\"https:\/\/www.marani.pl\/?s={search_term_string}\"},\"query-input\":{\"@type\":\"PropertyValueSpecification\",\"valueRequired\":true,\"valueName\":\"search_term_string\"}}],\"inLanguage\":\"en-GB\"},{\"@type\":\"Organization\",\"@id\":\"https:\/\/www.marani.pl\/#organization\",\"name\":\"Marani Sp. z o.o.\",\"url\":\"https:\/\/www.marani.pl\/\",\"logo\":{\"@type\":\"ImageObject\",\"inLanguage\":\"en-GB\",\"@id\":\"https:\/\/www.marani.pl\/#\/schema\/logo\/image\/\",\"url\":\"https:\/\/www.marani.pl\/wp-content\/uploads\/2024\/01\/mm4-1-1.jpg\",\"contentUrl\":\"https:\/\/www.marani.pl\/wp-content\/uploads\/2024\/01\/mm4-1-1.jpg\",\"width\":1200,\"height\":897,\"caption\":\"Marani Sp. z o.o.\"},\"image\":{\"@id\":\"https:\/\/www.marani.pl\/#\/schema\/logo\/image\/\"},\"sameAs\":[\"https:\/\/www.facebook.com\/MaraniCompressedAir\"]}]}<\/script>\n<!-- \/ Yoast SEO plugin. -->","yoast_head_json":{"title":"Dmuchawa pr\u00f3\u017cniowa - Dmuchawy pr\u00f3\u017cniowe","description":"Dmuchawa pr\u00f3\u017cniowa z u\u017cyciem w transporcie i do instalacji sanitarnych. Dmuchawy pr\u00f3\u017cniowe, to niski koszt eksploatacji i d\u0142uga \u017cywotno\u015b\u0107","robots":{"index":"index","follow":"follow","max-snippet":"max-snippet:-1","max-image-preview":"max-image-preview:large","max-video-preview":"max-video-preview:-1"},"canonical":"https:\/\/www.marani.pl\/en\/produkty\/dmuchawy-prozniowe\/","og_locale":"en_GB","og_type":"article","og_title":"Dmuchawa pr\u00f3\u017cniowa - Dmuchawy pr\u00f3\u017cniowe","og_description":"Dmuchawa pr\u00f3\u017cniowa z u\u017cyciem w transporcie i do instalacji sanitarnych. Dmuchawy pr\u00f3\u017cniowe, to niski koszt eksploatacji i d\u0142uga \u017cywotno\u015b\u0107","og_url":"https:\/\/www.marani.pl\/en\/produkty\/dmuchawy-prozniowe\/","article_publisher":"https:\/\/www.facebook.com\/MaraniCompressedAir","article_modified_time":"2025-06-30T16:51:25+00:00","og_image":[{"url":"https:\/\/www.marani.pl\/wp-content\/uploads\/2024\/01\/dmuchawy-prozniowe.png","type":"","width":"","height":""}],"schema":{"@context":"https:\/\/schema.org","@graph":[{"@type":"WebPage","@id":"https:\/\/www.marani.pl\/produkty\/dmuchawy-prozniowe\/","url":"https:\/\/www.marani.pl\/produkty\/dmuchawy-prozniowe\/","name":"Dmuchawa pr\u00f3\u017cniowa - Dmuchawy pr\u00f3\u017cniowe","isPartOf":{"@id":"https:\/\/www.marani.pl\/#website"},"primaryImageOfPage":{"@id":"https:\/\/www.marani.pl\/produkty\/dmuchawy-prozniowe\/#primaryimage"},"image":{"@id":"https:\/\/www.marani.pl\/produkty\/dmuchawy-prozniowe\/#primaryimage"},"thumbnailUrl":"https:\/\/www.marani.pl\/wp-content\/uploads\/2024\/01\/dmuchawy-prozniowe.png","datePublished":"2024-01-23T11:21:20+00:00","dateModified":"2025-06-30T16:51:25+00:00","description":"Dmuchawa pr\u00f3\u017cniowa z u\u017cyciem w transporcie i do instalacji sanitarnych. Dmuchawy pr\u00f3\u017cniowe, to niski koszt eksploatacji i d\u0142uga \u017cywotno\u015b\u0107","breadcrumb":{"@id":"https:\/\/www.marani.pl\/produkty\/dmuchawy-prozniowe\/#breadcrumb"},"inLanguage":"en-GB","potentialAction":[{"@type":"ReadAction","target":["https:\/\/www.marani.pl\/produkty\/dmuchawy-prozniowe\/"]}]},{"@type":"ImageObject","inLanguage":"en-GB","@id":"https:\/\/www.marani.pl\/produkty\/dmuchawy-prozniowe\/#primaryimage","url":"https:\/\/www.marani.pl\/wp-content\/uploads\/2024\/01\/dmuchawy-prozniowe.png","contentUrl":"https:\/\/www.marani.pl\/wp-content\/uploads\/2024\/01\/dmuchawy-prozniowe.png"},{"@type":"BreadcrumbList","@id":"https:\/\/www.marani.pl\/produkty\/dmuchawy-prozniowe\/#breadcrumb","itemListElement":[{"@type":"ListItem","position":1,"name":"Strona g\u0142\u00f3wna","item":"https:\/\/www.marani.pl\/"},{"@type":"ListItem","position":2,"name":"Produkty","item":"https:\/\/www.marani.pl\/produkty\/"},{"@type":"ListItem","position":3,"name":"Dmuchawy pr\u00f3\u017cniowe"}]},{"@type":"WebSite","@id":"https:\/\/www.marani.pl\/#website","url":"https:\/\/www.marani.pl\/","name":"","description":"","publisher":{"@id":"https:\/\/www.marani.pl\/#organization"},"potentialAction":[{"@type":"SearchAction","target":{"@type":"EntryPoint","urlTemplate":"https:\/\/www.marani.pl\/?s={search_term_string}"},"query-input":{"@type":"PropertyValueSpecification","valueRequired":true,"valueName":"search_term_string"}}],"inLanguage":"en-GB"},{"@type":"Organization","@id":"https:\/\/www.marani.pl\/#organization","name":"Marani Sp. z o.o.","url":"https:\/\/www.marani.pl\/","logo":{"@type":"ImageObject","inLanguage":"en-GB","@id":"https:\/\/www.marani.pl\/#\/schema\/logo\/image\/","url":"https:\/\/www.marani.pl\/wp-content\/uploads\/2024\/01\/mm4-1-1.jpg","contentUrl":"https:\/\/www.marani.pl\/wp-content\/uploads\/2024\/01\/mm4-1-1.jpg","width":1200,"height":897,"caption":"Marani Sp. z o.o."},"image":{"@id":"https:\/\/www.marani.pl\/#\/schema\/logo\/image\/"},"sameAs":["https:\/\/www.facebook.com\/MaraniCompressedAir"]}]}},"_links":{"self":[{"href":"https:\/\/www.marani.pl\/en\/wp-json\/wp\/v2\/pages\/1007","targetHints":{"allow":["GET"]}}],"collection":[{"href":"https:\/\/www.marani.pl\/en\/wp-json\/wp\/v2\/pages"}],"about":[{"href":"https:\/\/www.marani.pl\/en\/wp-json\/wp\/v2\/types\/page"}],"author":[{"embeddable":true,"href":"https:\/\/www.marani.pl\/en\/wp-json\/wp\/v2\/users\/1"}],"replies":[{"embeddable":true,"href":"https:\/\/www.marani.pl\/en\/wp-json\/wp\/v2\/comments?post=1007"}],"version-history":[{"count":16,"href":"https:\/\/www.marani.pl\/en\/wp-json\/wp\/v2\/pages\/1007\/revisions"}],"predecessor-version":[{"id":3539,"href":"https:\/\/www.marani.pl\/en\/wp-json\/wp\/v2\/pages\/1007\/revisions\/3539"}],"up":[{"embeddable":true,"href":"https:\/\/www.marani.pl\/en\/wp-json\/wp\/v2\/pages\/140"}],"wp:attachment":[{"href":"https:\/\/www.marani.pl\/en\/wp-json\/wp\/v2\/media?parent=1007"}],"curies":[{"name":"wp","href":"https:\/\/api.w.org\/{rel}","templated":true}]}}