{"id":479,"date":"2024-01-15T12:55:20","date_gmt":"2024-01-15T11:55:20","guid":{"rendered":"http:\/\/pl.marani.pl\/?page_id=479"},"modified":"2026-04-03T16:04:35","modified_gmt":"2026-04-03T14:04:35","slug":"serwis-urzadzen","status":"publish","type":"page","link":"https:\/\/www.marani.pl\/en\/uslugi\/serwis-urzadzen\/","title":{"rendered":"Equipment service"},"content":{"rendered":"<div data-elementor-type=\"wp-page\" data-elementor-id=\"479\" class=\"elementor elementor-479\" data-elementor-post-type=\"page\">\n\t\t\t\t<div class=\"elementor-element elementor-element-56096bc e-flex e-con-boxed e-con e-parent\" data-id=\"56096bc\" data-element_type=\"container\" data-settings=\"{&quot;background_background&quot;:&quot;classic&quot;}\">\n\t\t\t\t\t<div class=\"e-con-inner\">\n\t\t\t\t\t<\/div>\n\t\t\t\t<\/div>\n\t\t<div class=\"elementor-element elementor-element-c254913 e-flex e-con-boxed e-con e-parent\" data-id=\"c254913\" data-element_type=\"container\">\n\t\t\t\t\t<div class=\"e-con-inner\">\n\t\t\t\t<div class=\"elementor-element elementor-element-0711dd7 elementor-widget elementor-widget-shortcode\" data-id=\"0711dd7\" data-element_type=\"widget\" data-widget_type=\"shortcode.default\">\n\t\t\t\t<div class=\"elementor-widget-container\">\n\t\t\t\t\t\t\t<div class=\"elementor-shortcode\">\t\n<div id=\"breadcrumbs\">\n\t<p id=\"breadcrumbs\"><span><span><a href=\"https:\/\/www.marani.pl\/en\/\">Home<\/a><\/span><\/span><\/p>\t<h2>Equipment service<\/h2>\t\n<\/div>\n<\/div>\n\t\t\t\t\t\t<\/div>\n\t\t\t\t<\/div>\n\t\t\t\t\t<\/div>\n\t\t\t\t<\/div>\n\t\t<div class=\"elementor-element elementor-element-b60be2b e-flex e-con-boxed e-con e-parent\" data-id=\"b60be2b\" data-element_type=\"container\">\n\t\t\t\t\t<div class=\"e-con-inner\">\n\t\t\t\t<div class=\"elementor-element elementor-element-b4f97c7 elementor-widget elementor-widget-heading\" data-id=\"b4f97c7\" data-element_type=\"widget\" data-widget_type=\"heading.default\">\n\t\t\t\t<div class=\"elementor-widget-container\">\n\t\t\t\t\t<h3 class=\"elementor-heading-title elementor-size-default\">Compressed air equipment service<\/h3>\t\t\t\t<\/div>\n\t\t\t\t<\/div>\n\t\t\t\t<div class=\"elementor-element elementor-element-90bcef4 elementor-widget elementor-widget-text-editor\" data-id=\"90bcef4\" data-element_type=\"widget\" data-widget_type=\"text-editor.default\">\n\t\t\t\t<div class=\"elementor-widget-container\">\n\t\t\t\t\t\t\t\t\t<p>Prowadzimy serwis\u00a0urz\u0105dze\u0144 spr\u0119\u017conego powietrza wiod\u0105cych producent\u00f3w. Nasze s\u0142u\u017cby serwisowe zapewniaj\u0105 pe\u0142ny zakres us\u0142ug, utrzymania, konserwacji i napraw w zakresie urz\u0105dze\u0144 i system\u00f3w, kt\u00f3re s\u0105 w naszej ofercie.<\/p><p><strong>In terms of repairs:<\/strong><\/p><ul><li>wykonujemy <a href=\"https:\/\/www.marani.pl\/en\/serwis-sprezarki-srubowe\/\">napraw\u0119 kompresor\u00f3w<\/a>, urz\u0105dze\u0144 i system\u00f3w po okresie gwarancji producenta, udzielaj\u0105c gwarancji po naprawie w systemie serwisu standardowego<\/li><li>during the guarantee period, we repair the customer's equipment for which we have provided a guarantee in the equipment sales contract in place of the manufacturer<\/li><li>we repair equipment under signed maintenance and service contracts<\/li><\/ul><p><strong>In terms of maintenance and upkeep:<\/strong><\/p><ul><li>we take over management of the equipment in operation and are fully responsible to the customer for the reliability of its operation<\/li><li>we provide a full service of maintenance, repair and overhaul on a 24-HOT LINE basis, being available 24 hours a day, 7 days a week with guaranteed arrival time to the customer<\/li><li>we provide a standard service with a response time of up to 48 hours after notification<\/li><\/ul><p>We provide our customers with knowledge, experience of the required technical and technological changes by carrying out measurements and technical studies, change projects, relocation tasks and modifications to the existing compressed air supply system to ensure maximum cost savings and system reliability.<\/p><p>\u00a0<\/p><p>\u00a0<\/p>\t\t\t\t\t\t\t\t<\/div>\n\t\t\t\t<\/div>\n\t\t\t\t\t<\/div>\n\t\t\t\t<\/div>\n\t\t<div class=\"elementor-element elementor-element-0732bed e-flex e-con-boxed e-con e-parent\" data-id=\"0732bed\" data-element_type=\"container\">\n\t\t\t\t\t<div class=\"e-con-inner\">\n\t\t\t\t<div class=\"elementor-element elementor-element-1b1f0e3 elementor-widget elementor-widget-heading\" data-id=\"1b1f0e3\" data-element_type=\"widget\" data-widget_type=\"heading.default\">\n\t\t\t\t<div class=\"elementor-widget-container\">\n\t\t\t\t\t<h3 class=\"elementor-heading-title elementor-size-default\">Service of ORC and refrigeration systems<\/h3>\t\t\t\t<\/div>\n\t\t\t\t<\/div>\n\t\t\t\t<div class=\"elementor-element elementor-element-7a86a14 elementor-widget elementor-widget-text-editor\" data-id=\"7a86a14\" data-element_type=\"widget\" data-widget_type=\"text-editor.default\">\n\t\t\t\t<div class=\"elementor-widget-container\">\n\t\t\t\t\t\t\t\t\t<p><span style=\"font-size: medium;\">Marani's qualified staff are available to our clients 24\/7 both remotely , using the Marani 24 platform and on-site.<\/span><\/p><p><span style=\"font-size: medium;\">Technical support is implemented through the Marani 24 platform, which is an advanced tool that monitors and operates our equipment in real time enabling, by signalling sub-critical conditions, the identification of technical problems before they arise. The 20-year experience of the Marani 24 platform, together with the implementation of AI methods, forms the basis of the company's Predictive Maintenance policy.<\/span><\/p><p><span style=\"font-size: medium;\">Marani offers an agreed long-term maintenance contract with the customer for ORC and streaming refrigeration systems.<\/span><\/p>\t\t\t\t\t\t\t\t<\/div>\n\t\t\t\t<\/div>\n\t\t\t\t\t<\/div>\n\t\t\t\t<\/div>\n\t\t\t\t<\/div>","protected":false},"excerpt":{"rendered":"<p>Serwis urz\u0105dze\u0144 spr\u0119\u017conego powietrza Prowadzimy serwis\u00a0urz\u0105dze\u0144 spr\u0119\u017conego powietrza wiod\u0105cych producent\u00f3w. Nasze s\u0142u\u017cby serwisowe zapewniaj\u0105 pe\u0142ny zakres us\u0142ug, utrzymania, konserwacji i [&hellip;]<\/p>","protected":false},"author":1,"featured_media":0,"parent":475,"menu_order":0,"comment_status":"closed","ping_status":"closed","template":"","meta":{"site-sidebar-layout":"no-sidebar","site-content-layout":"","ast-site-content-layout":"full-width-container","site-content-style":"default","site-sidebar-style":"default","ast-global-header-display":"","ast-banner-title-visibility":"","ast-main-header-display":"","ast-hfb-above-header-display":"","ast-hfb-below-header-display":"","ast-hfb-mobile-header-display":"","site-post-title":"disabled","ast-breadcrumbs-content":"","ast-featured-img":"disabled","footer-sml-layout":"","theme-transparent-header-meta":"","adv-header-id-meta":"","stick-header-meta":"","header-above-stick-meta":"","header-main-stick-meta":"","header-below-stick-meta":"","astra-migrate-meta-layouts":"default","ast-page-background-enabled":"default","ast-page-background-meta":{"desktop":{"background-color":"var(--ast-global-color-4)","background-image":"","background-repeat":"repeat","background-position":"center center","background-size":"auto","background-attachment":"scroll","background-type":"","background-media":"","overlay-type":"","overlay-color":"","overlay-gradient":""},"tablet":{"background-color":"","background-image":"","background-repeat":"repeat","background-position":"center center","background-size":"auto","background-attachment":"scroll","background-type":"","background-media":"","overlay-type":"","overlay-color":"","overlay-gradient":""},"mobile":{"background-color":"","background-image":"","background-repeat":"repeat","background-position":"center center","background-size":"auto","background-attachment":"scroll","background-type":"","background-media":"","overlay-type":"","overlay-color":"","overlay-gradient":""}},"ast-content-background-meta":{"desktop":{"background-color":"var(--ast-global-color-5)","background-image":"","background-repeat":"repeat","background-position":"center center","background-size":"auto","background-attachment":"scroll","background-type":"","background-media":"","overlay-type":"","overlay-color":"","overlay-gradient":""},"tablet":{"background-color":"var(--ast-global-color-5)","background-image":"","background-repeat":"repeat","background-position":"center center","background-size":"auto","background-attachment":"scroll","background-type":"","background-media":"","overlay-type":"","overlay-color":"","overlay-gradient":""},"mobile":{"background-color":"var(--ast-global-color-5)","background-image":"","background-repeat":"repeat","background-position":"center center","background-size":"auto","background-attachment":"scroll","background-type":"","background-media":"","overlay-type":"","overlay-color":"","overlay-gradient":""}},"footnotes":""},"class_list":["post-479","page","type-page","status-publish","hentry"],"yoast_head":"<!-- This site is optimized with the Yoast SEO plugin v26.7 - https:\/\/yoast.com\/wordpress\/plugins\/seo\/ -->\n<title>Serwis urz\u0105dze\u0144 -<\/title>\n<meta name=\"robots\" content=\"index, follow, max-snippet:-1, max-image-preview:large, max-video-preview:-1\" \/>\n<link rel=\"canonical\" href=\"https:\/\/www.marani.pl\/en\/uslugi\/serwis-urzadzen\/\" \/>\n<meta property=\"og:locale\" content=\"en_GB\" \/>\n<meta property=\"og:type\" content=\"article\" \/>\n<meta property=\"og:title\" content=\"Serwis urz\u0105dze\u0144 -\" \/>\n<meta property=\"og:description\" content=\"Serwis urz\u0105dze\u0144 spr\u0119\u017conego powietrza Prowadzimy serwis\u00a0urz\u0105dze\u0144 spr\u0119\u017conego powietrza wiod\u0105cych producent\u00f3w. Nasze s\u0142u\u017cby serwisowe zapewniaj\u0105 pe\u0142ny zakres us\u0142ug, utrzymania, konserwacji i [&hellip;]\" \/>\n<meta property=\"og:url\" content=\"https:\/\/www.marani.pl\/en\/uslugi\/serwis-urzadzen\/\" \/>\n<meta property=\"article:publisher\" content=\"https:\/\/www.facebook.com\/MaraniCompressedAir\" \/>\n<meta property=\"article:modified_time\" content=\"2026-04-03T14:04:35+00:00\" \/>\n<script type=\"application\/ld+json\" class=\"yoast-schema-graph\">{\"@context\":\"https:\/\/schema.org\",\"@graph\":[{\"@type\":\"WebPage\",\"@id\":\"https:\/\/www.marani.pl\/uslugi\/serwis-urzadzen\/\",\"url\":\"https:\/\/www.marani.pl\/uslugi\/serwis-urzadzen\/\",\"name\":\"Serwis urz\u0105dze\u0144 -\",\"isPartOf\":{\"@id\":\"https:\/\/www.marani.pl\/#website\"},\"datePublished\":\"2024-01-15T11:55:20+00:00\",\"dateModified\":\"2026-04-03T14:04:35+00:00\",\"breadcrumb\":{\"@id\":\"https:\/\/www.marani.pl\/uslugi\/serwis-urzadzen\/#breadcrumb\"},\"inLanguage\":\"en-GB\",\"potentialAction\":[{\"@type\":\"ReadAction\",\"target\":[\"https:\/\/www.marani.pl\/uslugi\/serwis-urzadzen\/\"]}]},{\"@type\":\"BreadcrumbList\",\"@id\":\"https:\/\/www.marani.pl\/uslugi\/serwis-urzadzen\/#breadcrumb\",\"itemListElement\":[{\"@type\":\"ListItem\",\"position\":1,\"name\":\"Strona g\u0142\u00f3wna\",\"item\":\"https:\/\/www.marani.pl\/\"},{\"@type\":\"ListItem\",\"position\":2,\"name\":\"Us\u0142ugi\",\"item\":\"https:\/\/www.marani.pl\/uslugi\/\"},{\"@type\":\"ListItem\",\"position\":3,\"name\":\"Serwis urz\u0105dze\u0144\"}]},{\"@type\":\"WebSite\",\"@id\":\"https:\/\/www.marani.pl\/#website\",\"url\":\"https:\/\/www.marani.pl\/\",\"name\":\"\",\"description\":\"\",\"publisher\":{\"@id\":\"https:\/\/www.marani.pl\/#organization\"},\"potentialAction\":[{\"@type\":\"SearchAction\",\"target\":{\"@type\":\"EntryPoint\",\"urlTemplate\":\"https:\/\/www.marani.pl\/?s={search_term_string}\"},\"query-input\":{\"@type\":\"PropertyValueSpecification\",\"valueRequired\":true,\"valueName\":\"search_term_string\"}}],\"inLanguage\":\"en-GB\"},{\"@type\":\"Organization\",\"@id\":\"https:\/\/www.marani.pl\/#organization\",\"name\":\"Marani Sp. z o.o.\",\"url\":\"https:\/\/www.marani.pl\/\",\"logo\":{\"@type\":\"ImageObject\",\"inLanguage\":\"en-GB\",\"@id\":\"https:\/\/www.marani.pl\/#\/schema\/logo\/image\/\",\"url\":\"https:\/\/www.marani.pl\/wp-content\/uploads\/2024\/01\/mm4-1-1.jpg\",\"contentUrl\":\"https:\/\/www.marani.pl\/wp-content\/uploads\/2024\/01\/mm4-1-1.jpg\",\"width\":1200,\"height\":897,\"caption\":\"Marani Sp. z o.o.\"},\"image\":{\"@id\":\"https:\/\/www.marani.pl\/#\/schema\/logo\/image\/\"},\"sameAs\":[\"https:\/\/www.facebook.com\/MaraniCompressedAir\"]}]}<\/script>\n<!-- \/ Yoast SEO plugin. -->","yoast_head_json":{"title":"Serwis urz\u0105dze\u0144 -","robots":{"index":"index","follow":"follow","max-snippet":"max-snippet:-1","max-image-preview":"max-image-preview:large","max-video-preview":"max-video-preview:-1"},"canonical":"https:\/\/www.marani.pl\/en\/uslugi\/serwis-urzadzen\/","og_locale":"en_GB","og_type":"article","og_title":"Serwis urz\u0105dze\u0144 -","og_description":"Serwis urz\u0105dze\u0144 spr\u0119\u017conego powietrza Prowadzimy serwis\u00a0urz\u0105dze\u0144 spr\u0119\u017conego powietrza wiod\u0105cych producent\u00f3w. Nasze s\u0142u\u017cby serwisowe zapewniaj\u0105 pe\u0142ny zakres us\u0142ug, utrzymania, konserwacji i [&hellip;]","og_url":"https:\/\/www.marani.pl\/en\/uslugi\/serwis-urzadzen\/","article_publisher":"https:\/\/www.facebook.com\/MaraniCompressedAir","article_modified_time":"2026-04-03T14:04:35+00:00","schema":{"@context":"https:\/\/schema.org","@graph":[{"@type":"WebPage","@id":"https:\/\/www.marani.pl\/uslugi\/serwis-urzadzen\/","url":"https:\/\/www.marani.pl\/uslugi\/serwis-urzadzen\/","name":"Serwis urz\u0105dze\u0144 -","isPartOf":{"@id":"https:\/\/www.marani.pl\/#website"},"datePublished":"2024-01-15T11:55:20+00:00","dateModified":"2026-04-03T14:04:35+00:00","breadcrumb":{"@id":"https:\/\/www.marani.pl\/uslugi\/serwis-urzadzen\/#breadcrumb"},"inLanguage":"en-GB","potentialAction":[{"@type":"ReadAction","target":["https:\/\/www.marani.pl\/uslugi\/serwis-urzadzen\/"]}]},{"@type":"BreadcrumbList","@id":"https:\/\/www.marani.pl\/uslugi\/serwis-urzadzen\/#breadcrumb","itemListElement":[{"@type":"ListItem","position":1,"name":"Strona g\u0142\u00f3wna","item":"https:\/\/www.marani.pl\/"},{"@type":"ListItem","position":2,"name":"Us\u0142ugi","item":"https:\/\/www.marani.pl\/uslugi\/"},{"@type":"ListItem","position":3,"name":"Serwis urz\u0105dze\u0144"}]},{"@type":"WebSite","@id":"https:\/\/www.marani.pl\/#website","url":"https:\/\/www.marani.pl\/","name":"","description":"","publisher":{"@id":"https:\/\/www.marani.pl\/#organization"},"potentialAction":[{"@type":"SearchAction","target":{"@type":"EntryPoint","urlTemplate":"https:\/\/www.marani.pl\/?s={search_term_string}"},"query-input":{"@type":"PropertyValueSpecification","valueRequired":true,"valueName":"search_term_string"}}],"inLanguage":"en-GB"},{"@type":"Organization","@id":"https:\/\/www.marani.pl\/#organization","name":"Marani Sp. z o.o.","url":"https:\/\/www.marani.pl\/","logo":{"@type":"ImageObject","inLanguage":"en-GB","@id":"https:\/\/www.marani.pl\/#\/schema\/logo\/image\/","url":"https:\/\/www.marani.pl\/wp-content\/uploads\/2024\/01\/mm4-1-1.jpg","contentUrl":"https:\/\/www.marani.pl\/wp-content\/uploads\/2024\/01\/mm4-1-1.jpg","width":1200,"height":897,"caption":"Marani Sp. z o.o."},"image":{"@id":"https:\/\/www.marani.pl\/#\/schema\/logo\/image\/"},"sameAs":["https:\/\/www.facebook.com\/MaraniCompressedAir"]}]}},"_links":{"self":[{"href":"https:\/\/www.marani.pl\/en\/wp-json\/wp\/v2\/pages\/479","targetHints":{"allow":["GET"]}}],"collection":[{"href":"https:\/\/www.marani.pl\/en\/wp-json\/wp\/v2\/pages"}],"about":[{"href":"https:\/\/www.marani.pl\/en\/wp-json\/wp\/v2\/types\/page"}],"author":[{"embeddable":true,"href":"https:\/\/www.marani.pl\/en\/wp-json\/wp\/v2\/users\/1"}],"replies":[{"embeddable":true,"href":"https:\/\/www.marani.pl\/en\/wp-json\/wp\/v2\/comments?post=479"}],"version-history":[{"count":26,"href":"https:\/\/www.marani.pl\/en\/wp-json\/wp\/v2\/pages\/479\/revisions"}],"predecessor-version":[{"id":4242,"href":"https:\/\/www.marani.pl\/en\/wp-json\/wp\/v2\/pages\/479\/revisions\/4242"}],"up":[{"embeddable":true,"href":"https:\/\/www.marani.pl\/en\/wp-json\/wp\/v2\/pages\/475"}],"wp:attachment":[{"href":"https:\/\/www.marani.pl\/en\/wp-json\/wp\/v2\/media?parent=479"}],"curies":[{"name":"wp","href":"https:\/\/api.w.org\/{rel}","templated":true}]}}